{"id":9,"date":"2013-07-07T19:39:35","date_gmt":"2013-07-07T19:39:35","guid":{"rendered":"http:\/\/vsseefeld-kadolz.ac.at\/?page_id=9"},"modified":"2025-10-22T19:22:48","modified_gmt":"2025-10-22T19:22:48","slug":"aktivitaten","status":"publish","type":"page","link":"https:\/\/vsseefeld-kadolz.ac.at\/?page_id=9","title":{"rendered":"Aktivit\u00e4ten 2023\/2024"},"content":{"rendered":"\r\n<p>&nbsp;<\/p>\r\n\r\n<p class=\"wp-block-gallery-1 is-layout-flex wp-block-gallery-is-layout-flex\">So viele Aktivit\u00e4ten &#8211; bitte anklicken!<\/p>\r\n<ul>\r\n<li id=\"menu-item-3729\" class=\"menu-item menu-item-depth-1 menu-item-post menu-item-edit-inactive\">\r\n<div class=\"menu-item-bar\">\r\n<div class=\"menu-item-handle ui-sortable-handle\"><a class=\"link_text\" target=\"_blank\" href=\"https:\/\/vsseefeld-kadolz.ac.at\/?p=3724\"><label class=\"item-title\" for=\"menu-item-checkbox-3729\"><span class=\"menu-item-title\">Ein neues Schuljahr beginnt\u2026..<\/span>\u00a0<\/label><\/a><\/div>\r\n<\/div>\r\n<\/li>\r\n<li id=\"menu-item-3748\" class=\"menu-item menu-item-depth-1 menu-item-post menu-item-edit-inactive\">\r\n<div class=\"menu-item-bar\">\r\n<div class=\"menu-item-handle ui-sortable-handle\"><a class=\"link_text\" target=\"_blank\" href=\"https:\/\/vsseefeld-kadolz.ac.at\/?p=3741\"><label class=\"item-title\" for=\"menu-item-checkbox-3748\"> <span class=\"menu-item-title\">Wandertag zum Genussplatzl<\/span> <\/label><\/a><a class=\"link_text\" target=\"_blank\" id=\"edit-3748\" class=\"item-edit\" href=\"https:\/\/vsseefeld-kadolz.ac.at\/wp-admin\/nav-menus.php?edit-menu-item=3748#menu-item-settings-3748\" aria-label=\"Wandertag zum Genussplatzl. Unterpunkt-Nummer 2 von Aktivit\u00e4ten.\"><\/a><\/div>\r\n<\/div>\r\n<\/li>\r\n<li id=\"menu-item-3747\" class=\"menu-item menu-item-depth-1 menu-item-post menu-item-edit-inactive\">\r\n<div class=\"menu-item-bar\">\r\n<div class=\"menu-item-handle ui-sortable-handle\"><a class=\"link_text\" target=\"_blank\" href=\"https:\/\/vsseefeld-kadolz.ac.at\/?p=3744\"><label class=\"item-title\" for=\"menu-item-checkbox-3747\"> <span class=\"menu-item-title\">Lilly und die wilden R\u00e4uber<\/span><\/label><\/a><a class=\"link_text\" target=\"_blank\" id=\"edit-3747\" class=\"item-edit\" href=\"https:\/\/vsseefeld-kadolz.ac.at\/wp-admin\/nav-menus.php?edit-menu-item=3747#menu-item-settings-3747\" aria-label=\"Lilly und die wilden R\u00e4uber. Unterpunkt-Nummer 3 von Aktivit\u00e4ten.\"><\/a><\/div>\r\n<\/div>\r\n<\/li>\r\n<li id=\"menu-item-3832\" class=\"menu-item menu-item-depth-1 menu-item-post menu-item-edit-inactive\">\r\n<div class=\"menu-item-bar\">\r\n<div class=\"menu-item-handle ui-sortable-handle\"><a class=\"link_text\" target=\"_blank\" href=\"https:\/\/vsseefeld-kadolz.ac.at\/?p=3749\"><label class=\"item-title\" for=\"menu-item-checkbox-3832\"> <span class=\"menu-item-title\">Unser Regenwurm-Projekt<\/span><\/label><\/a><a class=\"link_text\" target=\"_blank\" id=\"edit-3832\" class=\"item-edit\" href=\"https:\/\/vsseefeld-kadolz.ac.at\/wp-admin\/nav-menus.php?edit-menu-item=3832#menu-item-settings-3832\" aria-label=\"Men\u00fceintrag bearbeiten\"><\/a><\/div>\r\n<\/div>\r\n<\/li>\r\n<li id=\"menu-item-3831\" class=\"menu-item menu-item-depth-1 menu-item-post menu-item-edit-inactive\">\r\n<div class=\"menu-item-bar\">\r\n<div class=\"menu-item-handle ui-sortable-handle\"><a class=\"link_text\" target=\"_blank\" href=\"https:\/\/vsseefeld-kadolz.ac.at\/?p=3810\"><label class=\"item-title\" for=\"menu-item-checkbox-3831\"> <span class=\"menu-item-title\">K\u00fcrbis-Workshop<\/span>\u00a0 <\/label><\/a><a class=\"link_text\" target=\"_blank\" id=\"edit-3831\" class=\"item-edit\" href=\"https:\/\/vsseefeld-kadolz.ac.at\/wp-admin\/nav-menus.php?edit-menu-item=3831#menu-item-settings-3831\" aria-label=\"K\u00fcrbis-Workshop. Unterpunkt-Nummer 5 von Aktivit\u00e4ten.\"><\/a><\/div>\r\n<\/div>\r\n<\/li>\r\n<li id=\"menu-item-3830\" class=\"menu-item menu-item-depth-1 menu-item-post menu-item-edit-inactive\">\r\n<div class=\"menu-item-bar\">\r\n<div class=\"menu-item-handle ui-sortable-handle\"><a class=\"link_text\" target=\"_blank\" href=\"https:\/\/vsseefeld-kadolz.ac.at\/?p=3806\"><label class=\"item-title\" for=\"menu-item-checkbox-3830\"> <span class=\"menu-item-title\">Apollonia \u2013 Zahngesundheitserziehung<\/span> <\/label><\/a><a class=\"link_text\" target=\"_blank\" id=\"edit-3830\" class=\"item-edit\" href=\"https:\/\/vsseefeld-kadolz.ac.at\/wp-admin\/nav-menus.php?edit-menu-item=3830#menu-item-settings-3830\" aria-label=\"Apollonia \u2013 Zahngesundheitserziehung. Unterpunkt-Nummer 6 von Aktivit\u00e4ten.\"><\/a><\/div>\r\n<\/div>\r\n<\/li>\r\n<li id=\"menu-item-3829\" class=\"menu-item menu-item-depth-1 menu-item-post menu-item-edit-inactive\">\r\n<div class=\"menu-item-bar\">\r\n<div class=\"menu-item-handle ui-sortable-handle\"><a class=\"link_text\" target=\"_blank\" href=\"https:\/\/vsseefeld-kadolz.ac.at\/?p=3812\"><label class=\"item-title\" for=\"menu-item-checkbox-3829\"> <span class=\"menu-item-title\">Stomp-Workshop<\/span> <\/label><\/a><a class=\"link_text\" target=\"_blank\" id=\"edit-3829\" class=\"item-edit\" href=\"https:\/\/vsseefeld-kadolz.ac.at\/wp-admin\/nav-menus.php?edit-menu-item=3829#menu-item-settings-3829\" aria-label=\"Stomp-Workshop. Unterpunkt-Nummer 7 von Aktivit\u00e4ten.\"><\/a><\/div>\r\n<\/div>\r\n<\/li>\r\n<li id=\"menu-item-3856\" class=\"menu-item menu-item-depth-1 menu-item-post menu-item-edit-inactive\">\r\n<div class=\"menu-item-bar\">\r\n<div class=\"menu-item-handle ui-sortable-handle\"><a class=\"link_text\" target=\"_blank\" href=\"https:\/\/vsseefeld-kadolz.ac.at\/?p=3850\"><label class=\"item-title\" for=\"menu-item-checkbox-3856\"> <span class=\"menu-item-title\">Adventfeier<\/span> <\/label><\/a><a class=\"link_text\" target=\"_blank\" id=\"edit-3856\" class=\"item-edit\" href=\"https:\/\/vsseefeld-kadolz.ac.at\/wp-admin\/nav-menus.php?edit-menu-item=3856#menu-item-settings-3856\" aria-label=\"Adventfeier. Unterpunkt-Nummer 8 von Aktivit\u00e4ten.\"><\/a><\/div>\r\n<\/div>\r\n<\/li>\r\n<li id=\"menu-item-3857\" class=\"menu-item menu-item-depth-1 menu-item-post menu-item-edit-inactive\">\r\n<div class=\"menu-item-bar\">\r\n<div class=\"menu-item-handle ui-sortable-handle\"><a class=\"link_text\" target=\"_blank\" href=\"https:\/\/vsseefeld-kadolz.ac.at\/?p=3838\"><label class=\"item-title\" for=\"menu-item-checkbox-3857\"> <span class=\"menu-item-title\">Nikolaus<\/span><\/label><\/a><a class=\"link_text\" target=\"_blank\" id=\"edit-3857\" class=\"item-edit\" href=\"https:\/\/vsseefeld-kadolz.ac.at\/wp-admin\/nav-menus.php?edit-menu-item=3857#menu-item-settings-3857\" aria-label=\"Nikolaus. Unterpunkt-Nummer 9 von Aktivit\u00e4ten.\"><\/a><\/div>\r\n<\/div>\r\n<\/li>\r\n<li id=\"menu-item-3877\" class=\"menu-item menu-item-depth-1 menu-item-post menu-item-edit-inactive\">\r\n<div class=\"menu-item-bar\">\r\n<div class=\"menu-item-handle ui-sortable-handle\"><a class=\"link_text\" target=\"_blank\" href=\"https:\/\/vsseefeld-kadolz.ac.at\/?p=3873\"><label class=\"item-title\" for=\"menu-item-checkbox-3877\"> <span class=\"menu-item-title\">Harry-Potter-Fest<\/span> <\/label><\/a><a class=\"link_text\" target=\"_blank\" id=\"edit-3877\" class=\"item-edit\" href=\"https:\/\/vsseefeld-kadolz.ac.at\/wp-admin\/nav-menus.php?edit-menu-item=3877#menu-item-settings-3877\" aria-label=\"Harry-Potter-Fest. Unterpunkt-Nummer 10 von Aktivit\u00e4ten.\"><\/a><\/div>\r\n<\/div>\r\n<\/li>\r\n<li id=\"menu-item-3861\" class=\"menu-item menu-item-depth-1 menu-item-post menu-item-edit-inactive\">\r\n<div class=\"menu-item-bar\">\r\n<div class=\"menu-item-handle ui-sortable-handle\"><a class=\"link_text\" target=\"_blank\" href=\"https:\/\/vsseefeld-kadolz.ac.at\/?p=3858\"><label class=\"item-title\" for=\"menu-item-checkbox-3861\"> <span class=\"menu-item-title\">Nahtstellen-Unterricht<\/span> <\/label><\/a><a class=\"link_text\" target=\"_blank\" id=\"edit-3861\" class=\"item-edit\" href=\"https:\/\/vsseefeld-kadolz.ac.at\/wp-admin\/nav-menus.php?edit-menu-item=3861#menu-item-settings-3861\" aria-label=\"Nahtstellen-Unterricht. Unterpunkt-Nummer 11 von Aktivit\u00e4ten.\"><\/a><\/div>\r\n<\/div>\r\n<\/li>\r\n<li id=\"menu-item-3894\" class=\"menu-item menu-item-depth-1 menu-item-post menu-item-edit-inactive\">\r\n<div class=\"menu-item-bar\">\r\n<div class=\"menu-item-handle ui-sortable-handle\"><a class=\"link_text\" target=\"_blank\" href=\"https:\/\/vsseefeld-kadolz.ac.at\/?p=3844\"><label class=\"item-title\" for=\"menu-item-checkbox-3894\"> <span class=\"menu-item-title\">Hopsi Hopper<\/span> <\/label><\/a><a class=\"link_text\" target=\"_blank\" id=\"edit-3894\" class=\"item-edit\" href=\"https:\/\/vsseefeld-kadolz.ac.at\/wp-admin\/nav-menus.php?edit-menu-item=3894#menu-item-settings-3894\" aria-label=\"Hopsi Hopper. Unterpunkt-Nummer 12 von Aktivit\u00e4ten.\"><\/a><\/div>\r\n<\/div>\r\n<\/li>\r\n<li id=\"menu-item-3992\" class=\"menu-item menu-item-depth-1 menu-item-post menu-item-edit-inactive\">\r\n<div class=\"menu-item-bar\">\r\n<div class=\"menu-item-handle ui-sortable-handle\"><a class=\"link_text\" target=\"_blank\" href=\"https:\/\/vsseefeld-kadolz.ac.at\/?p=3951\"><label class=\"item-title\" for=\"menu-item-checkbox-3992\"> <span class=\"menu-item-title\">AMA-Bio-Fr\u00fchst\u00fcck<\/span><\/label><\/a><a class=\"link_text\" target=\"_blank\" id=\"edit-3992\" class=\"item-edit\" href=\"https:\/\/vsseefeld-kadolz.ac.at\/wp-admin\/nav-menus.php?edit-menu-item=3992#menu-item-settings-3992\" aria-label=\"AMA-Bio-Fr\u00fchst\u00fcck. Unterpunkt-Nummer 13 von Aktivit\u00e4ten.\"><\/a><\/div>\r\n<\/div>\r\n<\/li>\r\n<li id=\"menu-item-3991\" class=\"menu-item menu-item-depth-1 menu-item-post menu-item-edit-inactive\">\r\n<div class=\"menu-item-bar\">\r\n<div class=\"menu-item-handle ui-sortable-handle\"><a class=\"link_text\" target=\"_blank\" href=\"https:\/\/vsseefeld-kadolz.ac.at\/?p=3955\"><label class=\"item-title\" for=\"menu-item-checkbox-3991\"><span class=\"menu-item-title\">Faschingsfest<\/span><\/label><\/a><\/div>\r\n<\/div>\r\n<\/li>\r\n<li class=\"menu-item menu-item-depth-1 menu-item-post menu-item-edit-inactive\">\r\n<div class=\"menu-item-bar\"><a class=\"link_text\" target=\"_blank\" href=\"https:\/\/vsseefeld-kadolz.ac.at\/?p=3953\"><label class=\"item-title\" for=\"menu-item-checkbox-3990\"><span class=\"menu-item-title\">Die Lesenacht<\/span><\/label><\/a><\/div>\r\n<\/li>\r\n<li class=\"menu-item menu-item-depth-1 menu-item-post menu-item-edit-inactive\">\r\n<div class=\"menu-item-bar\"><a class=\"link_text\" target=\"_blank\" href=\"https:\/\/vsseefeld-kadolz.ac.at\/?p=4000\">Das Ei &#8211; eine runde Sache<\/a><\/div>\r\n<\/li>\r\n<li class=\"menu-item menu-item-depth-1 menu-item-post menu-item-edit-inactive\">\r\n<div class=\"menu-item-bar\"><a class=\"link_text\" target=\"_blank\" href=\"https:\/\/vsseefeld-kadolz.ac.at\/?p=4004\">Lesung von Gabriele Rittig<\/a><\/div>\r\n<\/li>\r\n<li><a class=\"link_text\" target=\"_blank\" href=\"https:\/\/vsseefeld-kadolz.ac.at\/?p=3998\">Red-Cross-goes-School-Day<\/a><\/li>\r\n<li><a class=\"link_text\" target=\"_blank\" href=\"https:\/\/vsseefeld-kadolz.ac.at\/?p=4024\">Wasserjugendspiele<\/a><\/li>\r\n<li><a class=\"link_text\" target=\"_blank\" href=\"https:\/\/vsseefeld-kadolz.ac.at\/?p=4034\">Workshop Strom<\/a><\/li>\r\n<li><a class=\"link_text\" target=\"_blank\" href=\"https:\/\/vsseefeld-kadolz.ac.at\/?p=4029\">W\u00e4rmekraftwerk Thei\u00df<\/a><\/li>\r\n<li><a class=\"link_text\" target=\"_blank\" href=\"https:\/\/vsseefeld-kadolz.ac.at\/?p=4050\">Schulfest<\/a><\/li>\r\n<li><a class=\"link_text\" target=\"_blank\" href=\"https:\/\/vsseefeld-kadolz.ac.at\/?p=4047\">Feuerwehrtag<\/a><\/li>\r\n<li><a class=\"link_text\" target=\"_blank\" href=\"https:\/\/vsseefeld-kadolz.ac.at\/?p=4054\">Gemeindeamt &amp; Bauhof<\/a><\/li>\r\n<li><a class=\"link_text\" target=\"_blank\" href=\"https:\/\/vsseefeld-kadolz.ac.at\/?p=4059\">Brotbacken in der Retzer Windm\u00fchle<\/a><\/li>\r\n<li><a class=\"link_text\" target=\"_blank\" href=\"https:\/\/vsseefeld-kadolz.ac.at\/?p=4063&amp;preview=true\">Feldmesse<\/a><\/li>\r\n<\/ul>\r\n<div class=\"menu-item-bar\">\u00a0<\/div>\r\n\r\n\r\n\r\n<p class=\"wp-block-gallery-2 is-layout-flex wp-block-gallery-is-layout-flex\">&nbsp;<\/p>\r\n<p>&nbsp;<\/p>\r\n","protected":false},"excerpt":{"rendered":"","protected":false},"author":1,"featured_media":0,"parent":4077,"menu_order":0,"comment_status":"closed","ping_status":"closed","template":"","meta":{"footnotes":""},"class_list":["post-9","page","type-page","status-publish","hentry"],"yoast_head":"<!-- This site is optimized with the Yoast SEO plugin v26.2 - https:\/\/yoast.com\/wordpress\/plugins\/seo\/ -->\n<title>Aktivit\u00e4ten 2023\/2024 - VS Seefeld-Kadolz<\/title>\n<meta name=\"robots\" content=\"index, follow, max-snippet:-1, max-image-preview:large, max-video-preview:-1\" \/>\n<link rel=\"canonical\" href=\"https:\/\/vsseefeld-kadolz.ac.at\/?page_id=9\" \/>\n<meta property=\"og:locale\" content=\"de_DE\" \/>\n<meta property=\"og:type\" content=\"article\" \/>\n<meta property=\"og:title\" content=\"Aktivit\u00e4ten 2023\/2024 - VS Seefeld-Kadolz\" \/>\n<meta property=\"og:url\" content=\"https:\/\/vsseefeld-kadolz.ac.at\/?page_id=9\" \/>\n<meta property=\"og:site_name\" content=\"VS Seefeld-Kadolz\" \/>\n<meta property=\"article:modified_time\" content=\"2025-10-22T19:22:48+00:00\" \/>\n<meta name=\"twitter:card\" content=\"summary_large_image\" \/>\n<meta name=\"twitter:label1\" content=\"Gesch\u00e4tzte Lesezeit\" \/>\n\t<meta name=\"twitter:data1\" content=\"1\u00a0Minute\" \/>\n<script type=\"application\/ld+json\" class=\"yoast-schema-graph\">{\"@context\":\"https:\/\/schema.org\",\"@graph\":[{\"@type\":\"WebPage\",\"@id\":\"https:\/\/vsseefeld-kadolz.ac.at\/?page_id=9\",\"url\":\"https:\/\/vsseefeld-kadolz.ac.at\/?page_id=9\",\"name\":\"Aktivit\u00e4ten 2023\/2024 - VS Seefeld-Kadolz\",\"isPartOf\":{\"@id\":\"https:\/\/vsseefeld-kadolz.ac.at\/#website\"},\"datePublished\":\"2013-07-07T19:39:35+00:00\",\"dateModified\":\"2025-10-22T19:22:48+00:00\",\"breadcrumb\":{\"@id\":\"https:\/\/vsseefeld-kadolz.ac.at\/?page_id=9#breadcrumb\"},\"inLanguage\":\"de\",\"potentialAction\":[{\"@type\":\"ReadAction\",\"target\":[\"https:\/\/vsseefeld-kadolz.ac.at\/?page_id=9\"]}]},{\"@type\":\"BreadcrumbList\",\"@id\":\"https:\/\/vsseefeld-kadolz.ac.at\/?page_id=9#breadcrumb\",\"itemListElement\":[{\"@type\":\"ListItem\",\"position\":1,\"name\":\"Home\",\"item\":\"https:\/\/vsseefeld-kadolz.ac.at\/\"},{\"@type\":\"ListItem\",\"position\":2,\"name\":\"Archiv\",\"item\":\"https:\/\/vsseefeld-kadolz.ac.at\/?page_id=4077\"},{\"@type\":\"ListItem\",\"position\":3,\"name\":\"Aktivit\u00e4ten 2023\/2024\"}]},{\"@type\":\"WebSite\",\"@id\":\"https:\/\/vsseefeld-kadolz.ac.at\/#website\",\"url\":\"https:\/\/vsseefeld-kadolz.ac.at\/\",\"name\":\"VS Seefeld-Kadolz\",\"description\":\"\",\"potentialAction\":[{\"@type\":\"SearchAction\",\"target\":{\"@type\":\"EntryPoint\",\"urlTemplate\":\"https:\/\/vsseefeld-kadolz.ac.at\/?s={search_term_string}\"},\"query-input\":{\"@type\":\"PropertyValueSpecification\",\"valueRequired\":true,\"valueName\":\"search_term_string\"}}],\"inLanguage\":\"de\"}]}<\/script>\n<!-- \/ Yoast SEO plugin. -->","yoast_head_json":{"title":"Aktivit\u00e4ten 2023\/2024 - VS Seefeld-Kadolz","robots":{"index":"index","follow":"follow","max-snippet":"max-snippet:-1","max-image-preview":"max-image-preview:large","max-video-preview":"max-video-preview:-1"},"canonical":"https:\/\/vsseefeld-kadolz.ac.at\/?page_id=9","og_locale":"de_DE","og_type":"article","og_title":"Aktivit\u00e4ten 2023\/2024 - VS Seefeld-Kadolz","og_url":"https:\/\/vsseefeld-kadolz.ac.at\/?page_id=9","og_site_name":"VS Seefeld-Kadolz","article_modified_time":"2025-10-22T19:22:48+00:00","twitter_card":"summary_large_image","twitter_misc":{"Gesch\u00e4tzte Lesezeit":"1\u00a0Minute"},"schema":{"@context":"https:\/\/schema.org","@graph":[{"@type":"WebPage","@id":"https:\/\/vsseefeld-kadolz.ac.at\/?page_id=9","url":"https:\/\/vsseefeld-kadolz.ac.at\/?page_id=9","name":"Aktivit\u00e4ten 2023\/2024 - VS Seefeld-Kadolz","isPartOf":{"@id":"https:\/\/vsseefeld-kadolz.ac.at\/#website"},"datePublished":"2013-07-07T19:39:35+00:00","dateModified":"2025-10-22T19:22:48+00:00","breadcrumb":{"@id":"https:\/\/vsseefeld-kadolz.ac.at\/?page_id=9#breadcrumb"},"inLanguage":"de","potentialAction":[{"@type":"ReadAction","target":["https:\/\/vsseefeld-kadolz.ac.at\/?page_id=9"]}]},{"@type":"BreadcrumbList","@id":"https:\/\/vsseefeld-kadolz.ac.at\/?page_id=9#breadcrumb","itemListElement":[{"@type":"ListItem","position":1,"name":"Home","item":"https:\/\/vsseefeld-kadolz.ac.at\/"},{"@type":"ListItem","position":2,"name":"Archiv","item":"https:\/\/vsseefeld-kadolz.ac.at\/?page_id=4077"},{"@type":"ListItem","position":3,"name":"Aktivit\u00e4ten 2023\/2024"}]},{"@type":"WebSite","@id":"https:\/\/vsseefeld-kadolz.ac.at\/#website","url":"https:\/\/vsseefeld-kadolz.ac.at\/","name":"VS Seefeld-Kadolz","description":"","potentialAction":[{"@type":"SearchAction","target":{"@type":"EntryPoint","urlTemplate":"https:\/\/vsseefeld-kadolz.ac.at\/?s={search_term_string}"},"query-input":{"@type":"PropertyValueSpecification","valueRequired":true,"valueName":"search_term_string"}}],"inLanguage":"de"}]}},"_links":{"self":[{"href":"https:\/\/vsseefeld-kadolz.ac.at\/index.php?rest_route=\/wp\/v2\/pages\/9","targetHints":{"allow":["GET"]}}],"collection":[{"href":"https:\/\/vsseefeld-kadolz.ac.at\/index.php?rest_route=\/wp\/v2\/pages"}],"about":[{"href":"https:\/\/vsseefeld-kadolz.ac.at\/index.php?rest_route=\/wp\/v2\/types\/page"}],"author":[{"embeddable":true,"href":"https:\/\/vsseefeld-kadolz.ac.at\/index.php?rest_route=\/wp\/v2\/users\/1"}],"replies":[{"embeddable":true,"href":"https:\/\/vsseefeld-kadolz.ac.at\/index.php?rest_route=%2Fwp%2Fv2%2Fcomments&post=9"}],"version-history":[{"count":326,"href":"https:\/\/vsseefeld-kadolz.ac.at\/index.php?rest_route=\/wp\/v2\/pages\/9\/revisions"}],"predecessor-version":[{"id":4310,"href":"https:\/\/vsseefeld-kadolz.ac.at\/index.php?rest_route=\/wp\/v2\/pages\/9\/revisions\/4310"}],"up":[{"embeddable":true,"href":"https:\/\/vsseefeld-kadolz.ac.at\/index.php?rest_route=\/wp\/v2\/pages\/4077"}],"wp:attachment":[{"href":"https:\/\/vsseefeld-kadolz.ac.at\/index.php?rest_route=%2Fwp%2Fv2%2Fmedia&parent=9"}],"curies":[{"name":"wp","href":"https:\/\/api.w.org\/{rel}","templated":true}]}}