{"id":6,"date":"2013-07-07T19:39:08","date_gmt":"2013-07-07T19:39:08","guid":{"rendered":"http:\/\/vsseefeld-kadolz.ac.at\/?page_id=6"},"modified":"2024-01-17T16:12:35","modified_gmt":"2024-01-17T16:12:35","slug":"geschichtliches","status":"publish","type":"page","link":"https:\/\/vsseefeld-kadolz.ac.at\/?page_id=6","title":{"rendered":"Unser Leitbild"},"content":{"rendered":"<h2><span style=\"color: #333399;\"><strong>St\u00e4rken ausbauen.<br \/>\n<\/strong><\/span><strong><span style=\"color: #339966;\">Schw\u00e4chen abbauen.<br \/>\n<\/span><\/strong><span style=\"color: #33cccc;\"><strong>Talente finden und f\u00f6rdern.<br \/>\n<\/strong><\/span><\/h2>\n<h6><span style=\"color: #000000;\">Wir begleiten unsere Sch\u00fclerinnen und Sch\u00fcler mit Freude, <\/span><br \/>\n<span style=\"color: #000000;\">Spa\u00df und Kreativit\u00e4t durch ihre Volksschulzeit.<\/span><\/h6>\n<h6><span style=\"color: #000000;\">Wir legen den Grundstein f\u00fcr den pers\u00f6nlichen Bildungsweg<br \/>\njedes einzelnen Kindes.<\/span><\/h6>\n<h6><span style=\"color: #000000;\">Wir vermitteln Werte, auf welche die Kinder im sp\u00e4teren Leben<br \/>\nzur\u00fcckgreifen k\u00f6nnen.<\/span><\/h6>\n<h6><span style=\"color: #000000;\">Wir geben den Kindern den Raum, den sie brauchen, um sich<br \/>\nentfalten und entwickeln zu k\u00f6nnen.<\/span><\/h6>\n<h6><span style=\"color: #000000;\">Wir unterst\u00fctzen unsere Sch\u00fclerinnen und Sch\u00fcler beim<br \/>\nLernen von neuen Inhalten und vermitteln ihnen das n\u00f6tige<br \/>\nSelbstvertrauen.<\/span><\/h6>\n<h6><span style=\"color: #000000;\">Wir begegnen uns in der Schule stets h\u00f6flich und wertsch\u00e4tzend.<\/span><\/h6>\n<p><img loading=\"lazy\" decoding=\"async\" class=\"alignnone size-full wp-image-3256\" src=\"http:\/\/vsseefeld-kadolz.ac.at\/wp-content\/uploads\/2021\/05\/Mentimeter-4.jpg\" alt=\"\" width=\"847\" height=\"612\" srcset=\"https:\/\/vsseefeld-kadolz.ac.at\/wp-content\/uploads\/2021\/05\/Mentimeter-4.jpg 847w, https:\/\/vsseefeld-kadolz.ac.at\/wp-content\/uploads\/2021\/05\/Mentimeter-4-300x217.jpg 300w, https:\/\/vsseefeld-kadolz.ac.at\/wp-content\/uploads\/2021\/05\/Mentimeter-4-768x555.jpg 768w\" sizes=\"auto, (max-width: 847px) 100vw, 847px\" \/><\/p>\n","protected":false},"excerpt":{"rendered":"<p>St\u00e4rken ausbauen. Schw\u00e4chen abbauen. Talente finden und f\u00f6rdern. Wir begleiten unsere Sch\u00fclerinnen und Sch\u00fcler mit Freude, Spa\u00df und Kreativit\u00e4t durch ihre Volksschulzeit. Wir legen den Grundstein f\u00fcr den pers\u00f6nlichen Bildungsweg jedes einzelnen Kindes. Wir vermitteln Werte, auf welche die Kinder im sp\u00e4teren Leben zur\u00fcckgreifen k\u00f6nnen. Wir geben den Kindern den Raum, den sie brauchen, um &hellip; <a href=\"https:\/\/vsseefeld-kadolz.ac.at\/?page_id=6\" class=\"more-link\"><span class=\"screen-reader-text\">Unser Leitbild<\/span> weiterlesen <span class=\"meta-nav\">&rarr;<\/span><\/a><\/p>\n","protected":false},"author":1,"featured_media":0,"parent":0,"menu_order":0,"comment_status":"closed","ping_status":"closed","template":"","meta":{"footnotes":""},"class_list":["post-6","page","type-page","status-publish","hentry"],"yoast_head":"<!-- This site is optimized with the Yoast SEO plugin v26.2 - https:\/\/yoast.com\/wordpress\/plugins\/seo\/ -->\n<title>Unser Leitbild - VS Seefeld-Kadolz<\/title>\n<meta name=\"robots\" content=\"index, follow, max-snippet:-1, max-image-preview:large, max-video-preview:-1\" \/>\n<link rel=\"canonical\" href=\"https:\/\/vsseefeld-kadolz.ac.at\/?page_id=6\" \/>\n<meta property=\"og:locale\" content=\"de_DE\" \/>\n<meta property=\"og:type\" content=\"article\" \/>\n<meta property=\"og:title\" content=\"Unser Leitbild - VS Seefeld-Kadolz\" \/>\n<meta property=\"og:description\" content=\"St\u00e4rken ausbauen. Schw\u00e4chen abbauen. Talente finden und f\u00f6rdern. Wir begleiten unsere Sch\u00fclerinnen und Sch\u00fcler mit Freude, Spa\u00df und Kreativit\u00e4t durch ihre Volksschulzeit. Wir legen den Grundstein f\u00fcr den pers\u00f6nlichen Bildungsweg jedes einzelnen Kindes. Wir vermitteln Werte, auf welche die Kinder im sp\u00e4teren Leben zur\u00fcckgreifen k\u00f6nnen. Wir geben den Kindern den Raum, den sie brauchen, um &hellip; Unser Leitbild weiterlesen &rarr;\" \/>\n<meta property=\"og:url\" content=\"https:\/\/vsseefeld-kadolz.ac.at\/?page_id=6\" \/>\n<meta property=\"og:site_name\" content=\"VS Seefeld-Kadolz\" \/>\n<meta property=\"article:modified_time\" content=\"2024-01-17T16:12:35+00:00\" \/>\n<meta property=\"og:image\" content=\"http:\/\/vsseefeld-kadolz.ac.at\/wp-content\/uploads\/2021\/05\/Mentimeter-4.jpg\" \/>\n<meta name=\"twitter:card\" content=\"summary_large_image\" \/>\n<meta name=\"twitter:label1\" content=\"Gesch\u00e4tzte Lesezeit\" \/>\n\t<meta name=\"twitter:data1\" content=\"1\u00a0Minute\" \/>\n<script type=\"application\/ld+json\" class=\"yoast-schema-graph\">{\"@context\":\"https:\/\/schema.org\",\"@graph\":[{\"@type\":\"WebPage\",\"@id\":\"https:\/\/vsseefeld-kadolz.ac.at\/?page_id=6\",\"url\":\"https:\/\/vsseefeld-kadolz.ac.at\/?page_id=6\",\"name\":\"Unser Leitbild - VS Seefeld-Kadolz\",\"isPartOf\":{\"@id\":\"https:\/\/vsseefeld-kadolz.ac.at\/#website\"},\"primaryImageOfPage\":{\"@id\":\"https:\/\/vsseefeld-kadolz.ac.at\/?page_id=6#primaryimage\"},\"image\":{\"@id\":\"https:\/\/vsseefeld-kadolz.ac.at\/?page_id=6#primaryimage\"},\"thumbnailUrl\":\"http:\/\/vsseefeld-kadolz.ac.at\/wp-content\/uploads\/2021\/05\/Mentimeter-4.jpg\",\"datePublished\":\"2013-07-07T19:39:08+00:00\",\"dateModified\":\"2024-01-17T16:12:35+00:00\",\"breadcrumb\":{\"@id\":\"https:\/\/vsseefeld-kadolz.ac.at\/?page_id=6#breadcrumb\"},\"inLanguage\":\"de\",\"potentialAction\":[{\"@type\":\"ReadAction\",\"target\":[\"https:\/\/vsseefeld-kadolz.ac.at\/?page_id=6\"]}]},{\"@type\":\"ImageObject\",\"inLanguage\":\"de\",\"@id\":\"https:\/\/vsseefeld-kadolz.ac.at\/?page_id=6#primaryimage\",\"url\":\"http:\/\/vsseefeld-kadolz.ac.at\/wp-content\/uploads\/2021\/05\/Mentimeter-4.jpg\",\"contentUrl\":\"http:\/\/vsseefeld-kadolz.ac.at\/wp-content\/uploads\/2021\/05\/Mentimeter-4.jpg\"},{\"@type\":\"BreadcrumbList\",\"@id\":\"https:\/\/vsseefeld-kadolz.ac.at\/?page_id=6#breadcrumb\",\"itemListElement\":[{\"@type\":\"ListItem\",\"position\":1,\"name\":\"Home\",\"item\":\"https:\/\/vsseefeld-kadolz.ac.at\/\"},{\"@type\":\"ListItem\",\"position\":2,\"name\":\"Unser Leitbild\"}]},{\"@type\":\"WebSite\",\"@id\":\"https:\/\/vsseefeld-kadolz.ac.at\/#website\",\"url\":\"https:\/\/vsseefeld-kadolz.ac.at\/\",\"name\":\"VS Seefeld-Kadolz\",\"description\":\"\",\"potentialAction\":[{\"@type\":\"SearchAction\",\"target\":{\"@type\":\"EntryPoint\",\"urlTemplate\":\"https:\/\/vsseefeld-kadolz.ac.at\/?s={search_term_string}\"},\"query-input\":{\"@type\":\"PropertyValueSpecification\",\"valueRequired\":true,\"valueName\":\"search_term_string\"}}],\"inLanguage\":\"de\"}]}<\/script>\n<!-- \/ Yoast SEO plugin. -->","yoast_head_json":{"title":"Unser Leitbild - VS Seefeld-Kadolz","robots":{"index":"index","follow":"follow","max-snippet":"max-snippet:-1","max-image-preview":"max-image-preview:large","max-video-preview":"max-video-preview:-1"},"canonical":"https:\/\/vsseefeld-kadolz.ac.at\/?page_id=6","og_locale":"de_DE","og_type":"article","og_title":"Unser Leitbild - VS Seefeld-Kadolz","og_description":"St\u00e4rken ausbauen. Schw\u00e4chen abbauen. Talente finden und f\u00f6rdern. Wir begleiten unsere Sch\u00fclerinnen und Sch\u00fcler mit Freude, Spa\u00df und Kreativit\u00e4t durch ihre Volksschulzeit. Wir legen den Grundstein f\u00fcr den pers\u00f6nlichen Bildungsweg jedes einzelnen Kindes. Wir vermitteln Werte, auf welche die Kinder im sp\u00e4teren Leben zur\u00fcckgreifen k\u00f6nnen. Wir geben den Kindern den Raum, den sie brauchen, um &hellip; Unser Leitbild weiterlesen &rarr;","og_url":"https:\/\/vsseefeld-kadolz.ac.at\/?page_id=6","og_site_name":"VS Seefeld-Kadolz","article_modified_time":"2024-01-17T16:12:35+00:00","og_image":[{"url":"http:\/\/vsseefeld-kadolz.ac.at\/wp-content\/uploads\/2021\/05\/Mentimeter-4.jpg","type":"","width":"","height":""}],"twitter_card":"summary_large_image","twitter_misc":{"Gesch\u00e4tzte Lesezeit":"1\u00a0Minute"},"schema":{"@context":"https:\/\/schema.org","@graph":[{"@type":"WebPage","@id":"https:\/\/vsseefeld-kadolz.ac.at\/?page_id=6","url":"https:\/\/vsseefeld-kadolz.ac.at\/?page_id=6","name":"Unser Leitbild - VS Seefeld-Kadolz","isPartOf":{"@id":"https:\/\/vsseefeld-kadolz.ac.at\/#website"},"primaryImageOfPage":{"@id":"https:\/\/vsseefeld-kadolz.ac.at\/?page_id=6#primaryimage"},"image":{"@id":"https:\/\/vsseefeld-kadolz.ac.at\/?page_id=6#primaryimage"},"thumbnailUrl":"http:\/\/vsseefeld-kadolz.ac.at\/wp-content\/uploads\/2021\/05\/Mentimeter-4.jpg","datePublished":"2013-07-07T19:39:08+00:00","dateModified":"2024-01-17T16:12:35+00:00","breadcrumb":{"@id":"https:\/\/vsseefeld-kadolz.ac.at\/?page_id=6#breadcrumb"},"inLanguage":"de","potentialAction":[{"@type":"ReadAction","target":["https:\/\/vsseefeld-kadolz.ac.at\/?page_id=6"]}]},{"@type":"ImageObject","inLanguage":"de","@id":"https:\/\/vsseefeld-kadolz.ac.at\/?page_id=6#primaryimage","url":"http:\/\/vsseefeld-kadolz.ac.at\/wp-content\/uploads\/2021\/05\/Mentimeter-4.jpg","contentUrl":"http:\/\/vsseefeld-kadolz.ac.at\/wp-content\/uploads\/2021\/05\/Mentimeter-4.jpg"},{"@type":"BreadcrumbList","@id":"https:\/\/vsseefeld-kadolz.ac.at\/?page_id=6#breadcrumb","itemListElement":[{"@type":"ListItem","position":1,"name":"Home","item":"https:\/\/vsseefeld-kadolz.ac.at\/"},{"@type":"ListItem","position":2,"name":"Unser Leitbild"}]},{"@type":"WebSite","@id":"https:\/\/vsseefeld-kadolz.ac.at\/#website","url":"https:\/\/vsseefeld-kadolz.ac.at\/","name":"VS Seefeld-Kadolz","description":"","potentialAction":[{"@type":"SearchAction","target":{"@type":"EntryPoint","urlTemplate":"https:\/\/vsseefeld-kadolz.ac.at\/?s={search_term_string}"},"query-input":{"@type":"PropertyValueSpecification","valueRequired":true,"valueName":"search_term_string"}}],"inLanguage":"de"}]}},"_links":{"self":[{"href":"https:\/\/vsseefeld-kadolz.ac.at\/index.php?rest_route=\/wp\/v2\/pages\/6","targetHints":{"allow":["GET"]}}],"collection":[{"href":"https:\/\/vsseefeld-kadolz.ac.at\/index.php?rest_route=\/wp\/v2\/pages"}],"about":[{"href":"https:\/\/vsseefeld-kadolz.ac.at\/index.php?rest_route=\/wp\/v2\/types\/page"}],"author":[{"embeddable":true,"href":"https:\/\/vsseefeld-kadolz.ac.at\/index.php?rest_route=\/wp\/v2\/users\/1"}],"replies":[{"embeddable":true,"href":"https:\/\/vsseefeld-kadolz.ac.at\/index.php?rest_route=%2Fwp%2Fv2%2Fcomments&post=6"}],"version-history":[{"count":32,"href":"https:\/\/vsseefeld-kadolz.ac.at\/index.php?rest_route=\/wp\/v2\/pages\/6\/revisions"}],"predecessor-version":[{"id":3882,"href":"https:\/\/vsseefeld-kadolz.ac.at\/index.php?rest_route=\/wp\/v2\/pages\/6\/revisions\/3882"}],"wp:attachment":[{"href":"https:\/\/vsseefeld-kadolz.ac.at\/index.php?rest_route=%2Fwp%2Fv2%2Fmedia&parent=6"}],"curies":[{"name":"wp","href":"https:\/\/api.w.org\/{rel}","templated":true}]}}