{"id":494,"date":"2013-11-08T17:29:25","date_gmt":"2013-11-08T17:29:25","guid":{"rendered":"http:\/\/vsseefeld-kadolz.ac.at\/?page_id=494"},"modified":"2026-01-12T17:04:14","modified_gmt":"2026-01-12T17:04:14","slug":"lehrerteam","status":"publish","type":"page","link":"https:\/\/vsseefeld-kadolz.ac.at\/?page_id=494","title":{"rendered":"Lehrerinnenteam"},"content":{"rendered":"<p style=\"text-align: left;\"><a class=\"link_text\" target=\"_blank\" href=\"https:\/\/vsseefeld-kadolz.ac.at\/wp-content\/uploads\/2025\/10\/Vs.Hadres26-358-scaled.jpg\"><img loading=\"lazy\" decoding=\"async\" class=\"wp-image-4150 size-medium aligncenter\" src=\"https:\/\/vsseefeld-kadolz.ac.at\/wp-content\/uploads\/2025\/10\/Vs.Hadres26-358-218x300.jpg\" alt=\"\" width=\"218\" height=\"300\" srcset=\"https:\/\/vsseefeld-kadolz.ac.at\/wp-content\/uploads\/2025\/10\/Vs.Hadres26-358-218x300.jpg 218w, https:\/\/vsseefeld-kadolz.ac.at\/wp-content\/uploads\/2025\/10\/Vs.Hadres26-358-743x1024.jpg 743w, https:\/\/vsseefeld-kadolz.ac.at\/wp-content\/uploads\/2025\/10\/Vs.Hadres26-358-768x1059.jpg 768w, https:\/\/vsseefeld-kadolz.ac.at\/wp-content\/uploads\/2025\/10\/Vs.Hadres26-358-1114x1536.jpg 1114w, https:\/\/vsseefeld-kadolz.ac.at\/wp-content\/uploads\/2025\/10\/Vs.Hadres26-358-1485x2048.jpg 1485w, https:\/\/vsseefeld-kadolz.ac.at\/wp-content\/uploads\/2025\/10\/Vs.Hadres26-358-scaled.jpg 1856w\" sizes=\"auto, (max-width: 218px) 100vw, 218px\" \/><\/a><\/p>\n<p style=\"text-align: center;\">VOL Sabine Steinacher, MEd<\/p>\n<p style=\"text-align: center;\">Schulleiterin der VS Seefeld-Kadolz,<br \/>\nder VS Nappersdorf und der VS Hadres<\/p>\n<p style=\"text-align: left;\"><a class=\"link_text\" target=\"_blank\" href=\"https:\/\/vsseefeld-kadolz.ac.at\/wp-content\/uploads\/2025\/10\/Vs.Seefe_.G.Kado_.26-4-scaled.jpg\"><img loading=\"lazy\" decoding=\"async\" class=\"alignleft wp-image-4155 size-medium\" src=\"https:\/\/vsseefeld-kadolz.ac.at\/wp-content\/uploads\/2025\/10\/Vs.Seefe_.G.Kado_.26-4-218x300.jpg\" alt=\"\" width=\"218\" height=\"300\" srcset=\"https:\/\/vsseefeld-kadolz.ac.at\/wp-content\/uploads\/2025\/10\/Vs.Seefe_.G.Kado_.26-4-218x300.jpg 218w, https:\/\/vsseefeld-kadolz.ac.at\/wp-content\/uploads\/2025\/10\/Vs.Seefe_.G.Kado_.26-4-743x1024.jpg 743w, https:\/\/vsseefeld-kadolz.ac.at\/wp-content\/uploads\/2025\/10\/Vs.Seefe_.G.Kado_.26-4-768x1059.jpg 768w, https:\/\/vsseefeld-kadolz.ac.at\/wp-content\/uploads\/2025\/10\/Vs.Seefe_.G.Kado_.26-4-1114x1536.jpg 1114w, https:\/\/vsseefeld-kadolz.ac.at\/wp-content\/uploads\/2025\/10\/Vs.Seefe_.G.Kado_.26-4-1485x2048.jpg 1485w, https:\/\/vsseefeld-kadolz.ac.at\/wp-content\/uploads\/2025\/10\/Vs.Seefe_.G.Kado_.26-4-scaled.jpg 1856w\" sizes=\"auto, (max-width: 218px) 100vw, 218px\" \/><\/a><\/p>\n<p>&nbsp;<\/p>\n<p>&nbsp;<\/p>\n<p>&nbsp;<\/p>\n<p>&nbsp;<\/p>\n<p style=\"text-align: left;\">vVL Veronika Schnatter, BEd<\/p>\n<p style=\"text-align: left;\">Klassenlehrerin der 2a<br \/>\n(3.\/4. Schulstufe)<\/p>\n<p style=\"text-align: left;\"><a class=\"link_text\" target=\"_blank\" href=\"https:\/\/vsseefeld-kadolz.ac.at\/wp-content\/uploads\/2025\/10\/Vs.Seefe_.G.Kado_.26-6-scaled.jpg\"><img loading=\"lazy\" decoding=\"async\" class=\"alignleft wp-image-4153 size-medium\" src=\"https:\/\/vsseefeld-kadolz.ac.at\/wp-content\/uploads\/2025\/10\/Vs.Seefe_.G.Kado_.26-6-218x300.jpg\" alt=\"\" width=\"218\" height=\"300\" srcset=\"https:\/\/vsseefeld-kadolz.ac.at\/wp-content\/uploads\/2025\/10\/Vs.Seefe_.G.Kado_.26-6-218x300.jpg 218w, https:\/\/vsseefeld-kadolz.ac.at\/wp-content\/uploads\/2025\/10\/Vs.Seefe_.G.Kado_.26-6-743x1024.jpg 743w, https:\/\/vsseefeld-kadolz.ac.at\/wp-content\/uploads\/2025\/10\/Vs.Seefe_.G.Kado_.26-6-768x1059.jpg 768w, https:\/\/vsseefeld-kadolz.ac.at\/wp-content\/uploads\/2025\/10\/Vs.Seefe_.G.Kado_.26-6-1114x1536.jpg 1114w, https:\/\/vsseefeld-kadolz.ac.at\/wp-content\/uploads\/2025\/10\/Vs.Seefe_.G.Kado_.26-6-1485x2048.jpg 1485w, https:\/\/vsseefeld-kadolz.ac.at\/wp-content\/uploads\/2025\/10\/Vs.Seefe_.G.Kado_.26-6-scaled.jpg 1856w\" sizes=\"auto, (max-width: 218px) 100vw, 218px\" \/><\/a><\/p>\n<p>&nbsp;<\/p>\n<p>&nbsp;<\/p>\n<p>&nbsp;<\/p>\n<p>&nbsp;<\/p>\n<p style=\"text-align: left;\">vVL Jacqueline Kurz BEd.<\/p>\n<p style=\"text-align: left;\">Klassenlehrerin der 1a<br \/>\n(1.\/2. Schulstufe)<\/p>\n<p style=\"text-align: left;\"><a class=\"link_text\" target=\"_blank\" href=\"https:\/\/vsseefeld-kadolz.ac.at\/wp-content\/uploads\/2025\/10\/Vs.Seefe_.G.Kado_.26-5-scaled.jpg\"><img loading=\"lazy\" decoding=\"async\" class=\"alignleft wp-image-4154 size-medium\" src=\"https:\/\/vsseefeld-kadolz.ac.at\/wp-content\/uploads\/2025\/10\/Vs.Seefe_.G.Kado_.26-5-218x300.jpg\" alt=\"\" width=\"218\" height=\"300\" srcset=\"https:\/\/vsseefeld-kadolz.ac.at\/wp-content\/uploads\/2025\/10\/Vs.Seefe_.G.Kado_.26-5-218x300.jpg 218w, https:\/\/vsseefeld-kadolz.ac.at\/wp-content\/uploads\/2025\/10\/Vs.Seefe_.G.Kado_.26-5-743x1024.jpg 743w, https:\/\/vsseefeld-kadolz.ac.at\/wp-content\/uploads\/2025\/10\/Vs.Seefe_.G.Kado_.26-5-768x1059.jpg 768w, https:\/\/vsseefeld-kadolz.ac.at\/wp-content\/uploads\/2025\/10\/Vs.Seefe_.G.Kado_.26-5-1114x1536.jpg 1114w, https:\/\/vsseefeld-kadolz.ac.at\/wp-content\/uploads\/2025\/10\/Vs.Seefe_.G.Kado_.26-5-1485x2048.jpg 1485w, https:\/\/vsseefeld-kadolz.ac.at\/wp-content\/uploads\/2025\/10\/Vs.Seefe_.G.Kado_.26-5-scaled.jpg 1856w\" sizes=\"auto, (max-width: 218px) 100vw, 218px\" \/><\/a><\/p>\n<p>&nbsp;<\/p>\n<p>&nbsp;<\/p>\n<p>&nbsp;<\/p>\n<p>&nbsp;<\/p>\n<p style=\"text-align: left;\">vVL Alissa Maderner, BEd<\/p>\n<p style=\"text-align: left;\">Deutsch und Mathematik in der 1. Schulstufe<\/p>\n<p style=\"text-align: left;\"><a class=\"link_text\" target=\"_blank\" href=\"https:\/\/vsseefeld-kadolz.ac.at\/wp-content\/uploads\/2025\/10\/Vs.Seefe_.G.Kado_.26-7-scaled.jpg\"><img loading=\"lazy\" decoding=\"async\" class=\"alignleft wp-image-4152 size-medium\" src=\"https:\/\/vsseefeld-kadolz.ac.at\/wp-content\/uploads\/2025\/10\/Vs.Seefe_.G.Kado_.26-7-218x300.jpg\" alt=\"\" width=\"218\" height=\"300\" srcset=\"https:\/\/vsseefeld-kadolz.ac.at\/wp-content\/uploads\/2025\/10\/Vs.Seefe_.G.Kado_.26-7-218x300.jpg 218w, https:\/\/vsseefeld-kadolz.ac.at\/wp-content\/uploads\/2025\/10\/Vs.Seefe_.G.Kado_.26-7-743x1024.jpg 743w, https:\/\/vsseefeld-kadolz.ac.at\/wp-content\/uploads\/2025\/10\/Vs.Seefe_.G.Kado_.26-7-768x1059.jpg 768w, https:\/\/vsseefeld-kadolz.ac.at\/wp-content\/uploads\/2025\/10\/Vs.Seefe_.G.Kado_.26-7-1114x1536.jpg 1114w, https:\/\/vsseefeld-kadolz.ac.at\/wp-content\/uploads\/2025\/10\/Vs.Seefe_.G.Kado_.26-7-1485x2048.jpg 1485w, https:\/\/vsseefeld-kadolz.ac.at\/wp-content\/uploads\/2025\/10\/Vs.Seefe_.G.Kado_.26-7-scaled.jpg 1856w\" sizes=\"auto, (max-width: 218px) 100vw, 218px\" \/><\/a><\/p>\n<p>&nbsp;<\/p>\n<p>&nbsp;<\/p>\n<p>&nbsp;<\/p>\n<p>&nbsp;<\/p>\n<p style=\"text-align: left;\">vVL Jacqueline Kellner, BEd<\/p>\n<p style=\"text-align: left;\">Deutsch und Mathematik in der 3. Schulstufe<\/p>\n<p style=\"text-align: left;\"><a class=\"link_text\" target=\"_blank\" href=\"https:\/\/vsseefeld-kadolz.ac.at\/wp-content\/uploads\/2025\/10\/Vs.Hadres26-357-scaled.jpg\"><img loading=\"lazy\" decoding=\"async\" class=\"alignleft wp-image-4157 size-medium\" src=\"https:\/\/vsseefeld-kadolz.ac.at\/wp-content\/uploads\/2025\/10\/Vs.Hadres26-357-218x300.jpg\" alt=\"\" width=\"218\" height=\"300\" srcset=\"https:\/\/vsseefeld-kadolz.ac.at\/wp-content\/uploads\/2025\/10\/Vs.Hadres26-357-218x300.jpg 218w, https:\/\/vsseefeld-kadolz.ac.at\/wp-content\/uploads\/2025\/10\/Vs.Hadres26-357-743x1024.jpg 743w, https:\/\/vsseefeld-kadolz.ac.at\/wp-content\/uploads\/2025\/10\/Vs.Hadres26-357-768x1059.jpg 768w, https:\/\/vsseefeld-kadolz.ac.at\/wp-content\/uploads\/2025\/10\/Vs.Hadres26-357-1114x1536.jpg 1114w, https:\/\/vsseefeld-kadolz.ac.at\/wp-content\/uploads\/2025\/10\/Vs.Hadres26-357-1485x2048.jpg 1485w, https:\/\/vsseefeld-kadolz.ac.at\/wp-content\/uploads\/2025\/10\/Vs.Hadres26-357-scaled.jpg 1856w\" sizes=\"auto, (max-width: 218px) 100vw, 218px\" \/><\/a><\/p>\n<p>&nbsp;<\/p>\n<p>&nbsp;<\/p>\n<p>&nbsp;<\/p>\n<p>&nbsp;<\/p>\n<p>&nbsp;<\/p>\n<p style=\"text-align: left;\">vRI Agnes Seidl<\/p>\n<p style=\"text-align: left;\">Religion (r\u00f6m.-kath.) in allen Schulstufen<\/p>\n<p style=\"text-align: left;\"><a class=\"link_text\" target=\"_blank\" href=\"https:\/\/vsseefeld-kadolz.ac.at\/wp-content\/uploads\/2024\/12\/VsHadres25-101-scaled.jpg\"><img loading=\"lazy\" decoding=\"async\" class=\"alignleft wp-image-4108 size-medium\" src=\"https:\/\/vsseefeld-kadolz.ac.at\/wp-content\/uploads\/2024\/12\/VsHadres25-101-218x300.jpg\" alt=\"\" width=\"218\" height=\"300\" srcset=\"https:\/\/vsseefeld-kadolz.ac.at\/wp-content\/uploads\/2024\/12\/VsHadres25-101-218x300.jpg 218w, https:\/\/vsseefeld-kadolz.ac.at\/wp-content\/uploads\/2024\/12\/VsHadres25-101-743x1024.jpg 743w, https:\/\/vsseefeld-kadolz.ac.at\/wp-content\/uploads\/2024\/12\/VsHadres25-101-768x1059.jpg 768w, https:\/\/vsseefeld-kadolz.ac.at\/wp-content\/uploads\/2024\/12\/VsHadres25-101-1114x1536.jpg 1114w, https:\/\/vsseefeld-kadolz.ac.at\/wp-content\/uploads\/2024\/12\/VsHadres25-101-1485x2048.jpg 1485w, https:\/\/vsseefeld-kadolz.ac.at\/wp-content\/uploads\/2024\/12\/VsHadres25-101-scaled.jpg 1856w\" sizes=\"auto, (max-width: 218px) 100vw, 218px\" \/><\/a><\/p>\n<p>&nbsp;<\/p>\n<p>&nbsp;<\/p>\n<p>&nbsp;<\/p>\n<p>&nbsp;<\/p>\n<p>&nbsp;<\/p>\n<p style=\"text-align: left;\">Dilp. P\u00e4d. Michaela Jagenteufel<\/p>\n<p style=\"text-align: left;\">Fachlehrerin f\u00fcr Technik und Design<\/p>\n<p style=\"text-align: left;\"><a class=\"link_text\" target=\"_blank\" href=\"https:\/\/vsseefeld-kadolz.ac.at\/wp-content\/uploads\/2025\/10\/Vs.Hadres26-359-scaled.jpg\"><br \/>\n<img loading=\"lazy\" decoding=\"async\" class=\"alignleft wp-image-4156 size-medium\" src=\"https:\/\/vsseefeld-kadolz.ac.at\/wp-content\/uploads\/2025\/10\/Vs.Hadres26-359-218x300.jpg\" alt=\"\" width=\"218\" height=\"300\" srcset=\"https:\/\/vsseefeld-kadolz.ac.at\/wp-content\/uploads\/2025\/10\/Vs.Hadres26-359-218x300.jpg 218w, https:\/\/vsseefeld-kadolz.ac.at\/wp-content\/uploads\/2025\/10\/Vs.Hadres26-359-743x1024.jpg 743w, https:\/\/vsseefeld-kadolz.ac.at\/wp-content\/uploads\/2025\/10\/Vs.Hadres26-359-768x1059.jpg 768w, https:\/\/vsseefeld-kadolz.ac.at\/wp-content\/uploads\/2025\/10\/Vs.Hadres26-359-1114x1536.jpg 1114w, https:\/\/vsseefeld-kadolz.ac.at\/wp-content\/uploads\/2025\/10\/Vs.Hadres26-359-1485x2048.jpg 1485w, https:\/\/vsseefeld-kadolz.ac.at\/wp-content\/uploads\/2025\/10\/Vs.Hadres26-359-scaled.jpg 1856w\" sizes=\"auto, (max-width: 218px) 100vw, 218px\" \/><\/a><\/p>\n<p>&nbsp;<\/p>\n<p>&nbsp;<\/p>\n<p>&nbsp;<\/p>\n<p>&nbsp;<\/p>\n<p style=\"text-align: left;\">vVL Tamara B\u00f6ck BEd.<\/p>\n<p style=\"text-align: left;\">F\u00f6rderstunden f\u00fcr Kinder mit sonderp\u00e4dagogischem F\u00f6rderbedarf<\/p>\n","protected":false},"excerpt":{"rendered":"<p>VOL Sabine Steinacher, MEd Schulleiterin der VS Seefeld-Kadolz, der VS Nappersdorf und der VS Hadres &nbsp; &nbsp; &nbsp; &nbsp; vVL Veronika Schnatter, BEd Klassenlehrerin der 2a (3.\/4. Schulstufe) &nbsp; &nbsp; &nbsp; &nbsp; vVL Jacqueline Kurz BEd. Klassenlehrerin der 1a (1.\/2. Schulstufe) &nbsp; &nbsp; &nbsp; &nbsp; vVL Alissa Maderner, BEd Deutsch und Mathematik in der 1. &hellip; <a href=\"https:\/\/vsseefeld-kadolz.ac.at\/?page_id=494\" class=\"more-link\"><span class=\"screen-reader-text\">Lehrerinnenteam<\/span> weiterlesen <span class=\"meta-nav\">&rarr;<\/span><\/a><\/p>\n","protected":false},"author":1,"featured_media":0,"parent":7,"menu_order":0,"comment_status":"closed","ping_status":"closed","template":"","meta":{"footnotes":""},"class_list":["post-494","page","type-page","status-publish","hentry"],"yoast_head":"<!-- This site is optimized with the Yoast SEO plugin v26.2 - https:\/\/yoast.com\/wordpress\/plugins\/seo\/ -->\n<title>Lehrerinnenteam - VS Seefeld-Kadolz<\/title>\n<meta name=\"robots\" content=\"index, follow, max-snippet:-1, max-image-preview:large, max-video-preview:-1\" \/>\n<link rel=\"canonical\" href=\"https:\/\/vsseefeld-kadolz.ac.at\/?page_id=494\" \/>\n<meta property=\"og:locale\" content=\"de_DE\" \/>\n<meta property=\"og:type\" content=\"article\" \/>\n<meta property=\"og:title\" content=\"Lehrerinnenteam - VS Seefeld-Kadolz\" \/>\n<meta property=\"og:description\" content=\"VOL Sabine Steinacher, MEd Schulleiterin der VS Seefeld-Kadolz, der VS Nappersdorf und der VS Hadres &nbsp; &nbsp; &nbsp; &nbsp; vVL Veronika Schnatter, BEd Klassenlehrerin der 2a (3.\/4. Schulstufe) &nbsp; &nbsp; &nbsp; &nbsp; vVL Jacqueline Kurz BEd. Klassenlehrerin der 1a (1.\/2. Schulstufe) &nbsp; &nbsp; &nbsp; &nbsp; vVL Alissa Maderner, BEd Deutsch und Mathematik in der 1. &hellip; Lehrerinnenteam weiterlesen &rarr;\" \/>\n<meta property=\"og:url\" content=\"https:\/\/vsseefeld-kadolz.ac.at\/?page_id=494\" \/>\n<meta property=\"og:site_name\" content=\"VS Seefeld-Kadolz\" \/>\n<meta property=\"article:modified_time\" content=\"2026-01-12T17:04:14+00:00\" \/>\n<meta property=\"og:image\" content=\"https:\/\/vsseefeld-kadolz.ac.at\/wp-content\/uploads\/2025\/10\/Vs.Hadres26-358-scaled.jpg\" \/>\n\t<meta property=\"og:image:width\" content=\"1856\" \/>\n\t<meta property=\"og:image:height\" content=\"2560\" \/>\n\t<meta property=\"og:image:type\" content=\"image\/jpeg\" \/>\n<meta name=\"twitter:card\" content=\"summary_large_image\" \/>\n<meta name=\"twitter:label1\" content=\"Gesch\u00e4tzte Lesezeit\" \/>\n\t<meta name=\"twitter:data1\" content=\"3\u00a0Minuten\" \/>\n<script type=\"application\/ld+json\" class=\"yoast-schema-graph\">{\"@context\":\"https:\/\/schema.org\",\"@graph\":[{\"@type\":\"WebPage\",\"@id\":\"https:\/\/vsseefeld-kadolz.ac.at\/?page_id=494\",\"url\":\"https:\/\/vsseefeld-kadolz.ac.at\/?page_id=494\",\"name\":\"Lehrerinnenteam - VS Seefeld-Kadolz\",\"isPartOf\":{\"@id\":\"https:\/\/vsseefeld-kadolz.ac.at\/#website\"},\"primaryImageOfPage\":{\"@id\":\"https:\/\/vsseefeld-kadolz.ac.at\/?page_id=494#primaryimage\"},\"image\":{\"@id\":\"https:\/\/vsseefeld-kadolz.ac.at\/?page_id=494#primaryimage\"},\"thumbnailUrl\":\"https:\/\/vsseefeld-kadolz.ac.at\/wp-content\/uploads\/2025\/10\/Vs.Hadres26-358-218x300.jpg\",\"datePublished\":\"2013-11-08T17:29:25+00:00\",\"dateModified\":\"2026-01-12T17:04:14+00:00\",\"breadcrumb\":{\"@id\":\"https:\/\/vsseefeld-kadolz.ac.at\/?page_id=494#breadcrumb\"},\"inLanguage\":\"de\",\"potentialAction\":[{\"@type\":\"ReadAction\",\"target\":[\"https:\/\/vsseefeld-kadolz.ac.at\/?page_id=494\"]}]},{\"@type\":\"ImageObject\",\"inLanguage\":\"de\",\"@id\":\"https:\/\/vsseefeld-kadolz.ac.at\/?page_id=494#primaryimage\",\"url\":\"https:\/\/vsseefeld-kadolz.ac.at\/wp-content\/uploads\/2025\/10\/Vs.Hadres26-358-scaled.jpg\",\"contentUrl\":\"https:\/\/vsseefeld-kadolz.ac.at\/wp-content\/uploads\/2025\/10\/Vs.Hadres26-358-scaled.jpg\",\"width\":1856,\"height\":2560},{\"@type\":\"BreadcrumbList\",\"@id\":\"https:\/\/vsseefeld-kadolz.ac.at\/?page_id=494#breadcrumb\",\"itemListElement\":[{\"@type\":\"ListItem\",\"position\":1,\"name\":\"Home\",\"item\":\"https:\/\/vsseefeld-kadolz.ac.at\/\"},{\"@type\":\"ListItem\",\"position\":2,\"name\":\"Klassen und Lehrerinnenteam\",\"item\":\"https:\/\/vsseefeld-kadolz.ac.at\/?page_id=7\"},{\"@type\":\"ListItem\",\"position\":3,\"name\":\"Lehrerinnenteam\"}]},{\"@type\":\"WebSite\",\"@id\":\"https:\/\/vsseefeld-kadolz.ac.at\/#website\",\"url\":\"https:\/\/vsseefeld-kadolz.ac.at\/\",\"name\":\"VS Seefeld-Kadolz\",\"description\":\"\",\"potentialAction\":[{\"@type\":\"SearchAction\",\"target\":{\"@type\":\"EntryPoint\",\"urlTemplate\":\"https:\/\/vsseefeld-kadolz.ac.at\/?s={search_term_string}\"},\"query-input\":{\"@type\":\"PropertyValueSpecification\",\"valueRequired\":true,\"valueName\":\"search_term_string\"}}],\"inLanguage\":\"de\"}]}<\/script>\n<!-- \/ Yoast SEO plugin. -->","yoast_head_json":{"title":"Lehrerinnenteam - VS Seefeld-Kadolz","robots":{"index":"index","follow":"follow","max-snippet":"max-snippet:-1","max-image-preview":"max-image-preview:large","max-video-preview":"max-video-preview:-1"},"canonical":"https:\/\/vsseefeld-kadolz.ac.at\/?page_id=494","og_locale":"de_DE","og_type":"article","og_title":"Lehrerinnenteam - VS Seefeld-Kadolz","og_description":"VOL Sabine Steinacher, MEd Schulleiterin der VS Seefeld-Kadolz, der VS Nappersdorf und der VS Hadres &nbsp; &nbsp; &nbsp; &nbsp; vVL Veronika Schnatter, BEd Klassenlehrerin der 2a (3.\/4. Schulstufe) &nbsp; &nbsp; &nbsp; &nbsp; vVL Jacqueline Kurz BEd. Klassenlehrerin der 1a (1.\/2. Schulstufe) &nbsp; &nbsp; &nbsp; &nbsp; vVL Alissa Maderner, BEd Deutsch und Mathematik in der 1. &hellip; Lehrerinnenteam weiterlesen &rarr;","og_url":"https:\/\/vsseefeld-kadolz.ac.at\/?page_id=494","og_site_name":"VS Seefeld-Kadolz","article_modified_time":"2026-01-12T17:04:14+00:00","og_image":[{"width":1856,"height":2560,"url":"https:\/\/vsseefeld-kadolz.ac.at\/wp-content\/uploads\/2025\/10\/Vs.Hadres26-358-scaled.jpg","type":"image\/jpeg"}],"twitter_card":"summary_large_image","twitter_misc":{"Gesch\u00e4tzte Lesezeit":"3\u00a0Minuten"},"schema":{"@context":"https:\/\/schema.org","@graph":[{"@type":"WebPage","@id":"https:\/\/vsseefeld-kadolz.ac.at\/?page_id=494","url":"https:\/\/vsseefeld-kadolz.ac.at\/?page_id=494","name":"Lehrerinnenteam - VS Seefeld-Kadolz","isPartOf":{"@id":"https:\/\/vsseefeld-kadolz.ac.at\/#website"},"primaryImageOfPage":{"@id":"https:\/\/vsseefeld-kadolz.ac.at\/?page_id=494#primaryimage"},"image":{"@id":"https:\/\/vsseefeld-kadolz.ac.at\/?page_id=494#primaryimage"},"thumbnailUrl":"https:\/\/vsseefeld-kadolz.ac.at\/wp-content\/uploads\/2025\/10\/Vs.Hadres26-358-218x300.jpg","datePublished":"2013-11-08T17:29:25+00:00","dateModified":"2026-01-12T17:04:14+00:00","breadcrumb":{"@id":"https:\/\/vsseefeld-kadolz.ac.at\/?page_id=494#breadcrumb"},"inLanguage":"de","potentialAction":[{"@type":"ReadAction","target":["https:\/\/vsseefeld-kadolz.ac.at\/?page_id=494"]}]},{"@type":"ImageObject","inLanguage":"de","@id":"https:\/\/vsseefeld-kadolz.ac.at\/?page_id=494#primaryimage","url":"https:\/\/vsseefeld-kadolz.ac.at\/wp-content\/uploads\/2025\/10\/Vs.Hadres26-358-scaled.jpg","contentUrl":"https:\/\/vsseefeld-kadolz.ac.at\/wp-content\/uploads\/2025\/10\/Vs.Hadres26-358-scaled.jpg","width":1856,"height":2560},{"@type":"BreadcrumbList","@id":"https:\/\/vsseefeld-kadolz.ac.at\/?page_id=494#breadcrumb","itemListElement":[{"@type":"ListItem","position":1,"name":"Home","item":"https:\/\/vsseefeld-kadolz.ac.at\/"},{"@type":"ListItem","position":2,"name":"Klassen und Lehrerinnenteam","item":"https:\/\/vsseefeld-kadolz.ac.at\/?page_id=7"},{"@type":"ListItem","position":3,"name":"Lehrerinnenteam"}]},{"@type":"WebSite","@id":"https:\/\/vsseefeld-kadolz.ac.at\/#website","url":"https:\/\/vsseefeld-kadolz.ac.at\/","name":"VS Seefeld-Kadolz","description":"","potentialAction":[{"@type":"SearchAction","target":{"@type":"EntryPoint","urlTemplate":"https:\/\/vsseefeld-kadolz.ac.at\/?s={search_term_string}"},"query-input":{"@type":"PropertyValueSpecification","valueRequired":true,"valueName":"search_term_string"}}],"inLanguage":"de"}]}},"_links":{"self":[{"href":"https:\/\/vsseefeld-kadolz.ac.at\/index.php?rest_route=\/wp\/v2\/pages\/494","targetHints":{"allow":["GET"]}}],"collection":[{"href":"https:\/\/vsseefeld-kadolz.ac.at\/index.php?rest_route=\/wp\/v2\/pages"}],"about":[{"href":"https:\/\/vsseefeld-kadolz.ac.at\/index.php?rest_route=\/wp\/v2\/types\/page"}],"author":[{"embeddable":true,"href":"https:\/\/vsseefeld-kadolz.ac.at\/index.php?rest_route=\/wp\/v2\/users\/1"}],"replies":[{"embeddable":true,"href":"https:\/\/vsseefeld-kadolz.ac.at\/index.php?rest_route=%2Fwp%2Fv2%2Fcomments&post=494"}],"version-history":[{"count":122,"href":"https:\/\/vsseefeld-kadolz.ac.at\/index.php?rest_route=\/wp\/v2\/pages\/494\/revisions"}],"predecessor-version":[{"id":4348,"href":"https:\/\/vsseefeld-kadolz.ac.at\/index.php?rest_route=\/wp\/v2\/pages\/494\/revisions\/4348"}],"up":[{"embeddable":true,"href":"https:\/\/vsseefeld-kadolz.ac.at\/index.php?rest_route=\/wp\/v2\/pages\/7"}],"wp:attachment":[{"href":"https:\/\/vsseefeld-kadolz.ac.at\/index.php?rest_route=%2Fwp%2Fv2%2Fmedia&parent=494"}],"curies":[{"name":"wp","href":"https:\/\/api.w.org\/{rel}","templated":true}]}}