{"id":3918,"date":"2024-01-28T19:47:33","date_gmt":"2024-01-28T19:47:33","guid":{"rendered":"https:\/\/vsseefeld-kadolz.ac.at\/?page_id=3918"},"modified":"2025-10-22T16:06:09","modified_gmt":"2025-10-22T16:06:09","slug":"herzlich-willkommen","status":"publish","type":"page","link":"https:\/\/vsseefeld-kadolz.ac.at\/","title":{"rendered":"Herzlich Willkommen"},"content":{"rendered":"<p style=\"text-align: left;\">in der Volksschule Seefeld-Kadolz!<\/p>\n<p style=\"text-align: center;\">In diesem Schuljahr sind wir 32 Kinder und 6 Lehrerinnen, die sich gemeinsam mit Fr. Dir. Sabine Steinacher auf&#8217;s Lernen freuen.\u00a0 Unter &#8222;Aktivit\u00e4ten&#8220; finden Sie die spannendesten Projekte, Feste und Ausfl\u00fcge.\u00a0 Besonders sch\u00f6n ist auch unser Schulgarten, den wir t\u00e4glich in der gro\u00dfen Pause nutzen.<\/p>\n<p><a class=\"link_text\" target=\"_blank\" href=\"https:\/\/vsseefeldkadolz-my.sharepoint.com\/:i:\/g\/personal\/fotos_vsseefeld-kadolz_ac_at\/Ef21Y8pX2vRIvNDvYRS9WIUBuZ8NYZZQA8C4dGxLwZ5Tgw?e=IxCUxZ\"><img loading=\"lazy\" decoding=\"async\" class=\"aligncenter wp-image-4149 size-large\" src=\"https:\/\/vsseefeld-kadolz.ac.at\/wp-content\/uploads\/2025\/10\/Vs.Seefe_.G.Kado_.26-2-731x1024.jpg\" alt=\"\" width=\"474\" height=\"664\" srcset=\"https:\/\/vsseefeld-kadolz.ac.at\/wp-content\/uploads\/2025\/10\/Vs.Seefe_.G.Kado_.26-2-731x1024.jpg 731w, https:\/\/vsseefeld-kadolz.ac.at\/wp-content\/uploads\/2025\/10\/Vs.Seefe_.G.Kado_.26-2-214x300.jpg 214w, https:\/\/vsseefeld-kadolz.ac.at\/wp-content\/uploads\/2025\/10\/Vs.Seefe_.G.Kado_.26-2-768x1075.jpg 768w, https:\/\/vsseefeld-kadolz.ac.at\/wp-content\/uploads\/2025\/10\/Vs.Seefe_.G.Kado_.26-2-1097x1536.jpg 1097w, https:\/\/vsseefeld-kadolz.ac.at\/wp-content\/uploads\/2025\/10\/Vs.Seefe_.G.Kado_.26-2-1463x2048.jpg 1463w, https:\/\/vsseefeld-kadolz.ac.at\/wp-content\/uploads\/2025\/10\/Vs.Seefe_.G.Kado_.26-2.jpg 1500w\" sizes=\"auto, (max-width: 474px) 100vw, 474px\" \/><\/a><\/p>\n<p>&nbsp;<\/p>\n<p>&nbsp;<\/p>\n<p style=\"text-align: center;\">Die erste und zweite Schulstufe besuchen im Schuljahr 2025\/26 drei M\u00e4dchen und zw\u00f6lf Buben.<\/p>\n<p><a class=\"link_text\" target=\"_blank\" href=\"https:\/\/vsseefeldkadolz-my.sharepoint.com\/:i:\/g\/personal\/fotos_vsseefeld-kadolz_ac_at\/EUdViX5_0dJJnliW7fnm3lMBpfuIbVUw04rfUBeEvx_tAA?e=sufylx\"><img loading=\"lazy\" decoding=\"async\" class=\"aligncenter wp-image-4158 size-large\" src=\"https:\/\/vsseefeld-kadolz.ac.at\/wp-content\/uploads\/2025\/10\/Vs.Seefe_.G.Kado_.26-94-1024x743.jpg\" alt=\"\" width=\"474\" height=\"344\" srcset=\"https:\/\/vsseefeld-kadolz.ac.at\/wp-content\/uploads\/2025\/10\/Vs.Seefe_.G.Kado_.26-94-1024x743.jpg 1024w, https:\/\/vsseefeld-kadolz.ac.at\/wp-content\/uploads\/2025\/10\/Vs.Seefe_.G.Kado_.26-94-300x218.jpg 300w, https:\/\/vsseefeld-kadolz.ac.at\/wp-content\/uploads\/2025\/10\/Vs.Seefe_.G.Kado_.26-94-768x557.jpg 768w, https:\/\/vsseefeld-kadolz.ac.at\/wp-content\/uploads\/2025\/10\/Vs.Seefe_.G.Kado_.26-94-1536x1114.jpg 1536w, https:\/\/vsseefeld-kadolz.ac.at\/wp-content\/uploads\/2025\/10\/Vs.Seefe_.G.Kado_.26-94-2048x1485.jpg 2048w\" sizes=\"auto, (max-width: 474px) 100vw, 474px\" \/><\/a><\/p>\n<p style=\"text-align: center;\">Die dritte und vierte Schulstufe besuchen im Schuljahr 2025\/26<br \/>\nsieben M\u00e4dchen und zehn Buben.<\/p>\n<p><a class=\"link_text\" target=\"_blank\" href=\"https:\/\/vsseefeld-kadolz.ac.at\/wp-content\/uploads\/2025\/10\/Vs.Seefe_.G.Kado_.26-215-1-scaled.jpg\"><img loading=\"lazy\" decoding=\"async\" class=\"aligncenter wp-image-4159 size-large\" src=\"https:\/\/vsseefeld-kadolz.ac.at\/wp-content\/uploads\/2025\/10\/Vs.Seefe_.G.Kado_.26-215-1-1024x743.jpg\" alt=\"\" width=\"474\" height=\"344\" srcset=\"https:\/\/vsseefeld-kadolz.ac.at\/wp-content\/uploads\/2025\/10\/Vs.Seefe_.G.Kado_.26-215-1-1024x743.jpg 1024w, https:\/\/vsseefeld-kadolz.ac.at\/wp-content\/uploads\/2025\/10\/Vs.Seefe_.G.Kado_.26-215-1-300x218.jpg 300w, https:\/\/vsseefeld-kadolz.ac.at\/wp-content\/uploads\/2025\/10\/Vs.Seefe_.G.Kado_.26-215-1-768x557.jpg 768w, https:\/\/vsseefeld-kadolz.ac.at\/wp-content\/uploads\/2025\/10\/Vs.Seefe_.G.Kado_.26-215-1-1536x1114.jpg 1536w, https:\/\/vsseefeld-kadolz.ac.at\/wp-content\/uploads\/2025\/10\/Vs.Seefe_.G.Kado_.26-215-1-2048x1485.jpg 2048w\" sizes=\"auto, (max-width: 474px) 100vw, 474px\" \/><\/a><\/p>\n<p>&nbsp;<\/p>\n","protected":false},"excerpt":{"rendered":"<p>in der Volksschule Seefeld-Kadolz! In diesem Schuljahr sind wir 32 Kinder und 6 Lehrerinnen, die sich gemeinsam mit Fr. Dir. Sabine Steinacher auf&#8217;s Lernen freuen.\u00a0 Unter &#8222;Aktivit\u00e4ten&#8220; finden Sie die spannendesten Projekte, Feste und Ausfl\u00fcge.\u00a0 Besonders sch\u00f6n ist auch unser Schulgarten, den wir t\u00e4glich in der gro\u00dfen Pause nutzen. &nbsp; &nbsp; Die erste und zweite &hellip; <a href=\"https:\/\/vsseefeld-kadolz.ac.at\/\" class=\"more-link\"><span class=\"screen-reader-text\">Herzlich Willkommen<\/span> weiterlesen <span class=\"meta-nav\">&rarr;<\/span><\/a><\/p>\n","protected":false},"author":2,"featured_media":0,"parent":0,"menu_order":0,"comment_status":"closed","ping_status":"closed","template":"","meta":{"footnotes":""},"class_list":["post-3918","page","type-page","status-publish","hentry"],"yoast_head":"<!-- This site is optimized with the Yoast SEO plugin v26.2 - https:\/\/yoast.com\/wordpress\/plugins\/seo\/ -->\n<title>Herzlich Willkommen - VS Seefeld-Kadolz<\/title>\n<meta name=\"robots\" content=\"index, follow, max-snippet:-1, max-image-preview:large, max-video-preview:-1\" \/>\n<link rel=\"canonical\" href=\"https:\/\/vsseefeld-kadolz.ac.at\/\" \/>\n<meta property=\"og:locale\" content=\"de_DE\" \/>\n<meta property=\"og:type\" content=\"article\" \/>\n<meta property=\"og:title\" content=\"Herzlich Willkommen - VS Seefeld-Kadolz\" \/>\n<meta property=\"og:description\" content=\"in der Volksschule Seefeld-Kadolz! In diesem Schuljahr sind wir 32 Kinder und 6 Lehrerinnen, die sich gemeinsam mit Fr. Dir. Sabine Steinacher auf&#8217;s Lernen freuen.\u00a0 Unter &#8222;Aktivit\u00e4ten&#8220; finden Sie die spannendesten Projekte, Feste und Ausfl\u00fcge.\u00a0 Besonders sch\u00f6n ist auch unser Schulgarten, den wir t\u00e4glich in der gro\u00dfen Pause nutzen. &nbsp; &nbsp; Die erste und zweite &hellip; Herzlich Willkommen weiterlesen &rarr;\" \/>\n<meta property=\"og:url\" content=\"https:\/\/vsseefeld-kadolz.ac.at\/\" \/>\n<meta property=\"og:site_name\" content=\"VS Seefeld-Kadolz\" \/>\n<meta property=\"article:modified_time\" content=\"2025-10-22T16:06:09+00:00\" \/>\n<meta property=\"og:image\" content=\"https:\/\/vsseefeld-kadolz.ac.at\/wp-content\/uploads\/2025\/10\/Vs.Seefe_.G.Kado_.26-2-731x1024.jpg\" \/>\n\t<meta property=\"og:image:width\" content=\"731\" \/>\n\t<meta property=\"og:image:height\" content=\"1024\" \/>\n\t<meta property=\"og:image:type\" content=\"image\/jpeg\" \/>\n<meta name=\"twitter:card\" content=\"summary_large_image\" \/>\n<meta name=\"twitter:label1\" content=\"Gesch\u00e4tzte Lesezeit\" \/>\n\t<meta name=\"twitter:data1\" content=\"2\u00a0Minuten\" \/>\n<script type=\"application\/ld+json\" class=\"yoast-schema-graph\">{\"@context\":\"https:\/\/schema.org\",\"@graph\":[{\"@type\":\"WebPage\",\"@id\":\"https:\/\/vsseefeld-kadolz.ac.at\/\",\"url\":\"https:\/\/vsseefeld-kadolz.ac.at\/\",\"name\":\"Herzlich Willkommen - VS Seefeld-Kadolz\",\"isPartOf\":{\"@id\":\"https:\/\/vsseefeld-kadolz.ac.at\/#website\"},\"primaryImageOfPage\":{\"@id\":\"https:\/\/vsseefeld-kadolz.ac.at\/#primaryimage\"},\"image\":{\"@id\":\"https:\/\/vsseefeld-kadolz.ac.at\/#primaryimage\"},\"thumbnailUrl\":\"https:\/\/vsseefeld-kadolz.ac.at\/wp-content\/uploads\/2025\/10\/Vs.Seefe_.G.Kado_.26-2-731x1024.jpg\",\"datePublished\":\"2024-01-28T19:47:33+00:00\",\"dateModified\":\"2025-10-22T16:06:09+00:00\",\"breadcrumb\":{\"@id\":\"https:\/\/vsseefeld-kadolz.ac.at\/#breadcrumb\"},\"inLanguage\":\"de\",\"potentialAction\":[{\"@type\":\"ReadAction\",\"target\":[\"https:\/\/vsseefeld-kadolz.ac.at\/\"]}]},{\"@type\":\"ImageObject\",\"inLanguage\":\"de\",\"@id\":\"https:\/\/vsseefeld-kadolz.ac.at\/#primaryimage\",\"url\":\"https:\/\/vsseefeld-kadolz.ac.at\/wp-content\/uploads\/2025\/10\/Vs.Seefe_.G.Kado_.26-2.jpg\",\"contentUrl\":\"https:\/\/vsseefeld-kadolz.ac.at\/wp-content\/uploads\/2025\/10\/Vs.Seefe_.G.Kado_.26-2.jpg\",\"width\":1500,\"height\":2100},{\"@type\":\"BreadcrumbList\",\"@id\":\"https:\/\/vsseefeld-kadolz.ac.at\/#breadcrumb\",\"itemListElement\":[{\"@type\":\"ListItem\",\"position\":1,\"name\":\"Home\",\"item\":\"https:\/\/vsseefeld-kadolz.ac.at\/\"},{\"@type\":\"ListItem\",\"position\":2,\"name\":\"Herzlich Willkommen\"}]},{\"@type\":\"WebSite\",\"@id\":\"https:\/\/vsseefeld-kadolz.ac.at\/#website\",\"url\":\"https:\/\/vsseefeld-kadolz.ac.at\/\",\"name\":\"VS Seefeld-Kadolz\",\"description\":\"\",\"potentialAction\":[{\"@type\":\"SearchAction\",\"target\":{\"@type\":\"EntryPoint\",\"urlTemplate\":\"https:\/\/vsseefeld-kadolz.ac.at\/?s={search_term_string}\"},\"query-input\":{\"@type\":\"PropertyValueSpecification\",\"valueRequired\":true,\"valueName\":\"search_term_string\"}}],\"inLanguage\":\"de\"}]}<\/script>\n<!-- \/ Yoast SEO plugin. -->","yoast_head_json":{"title":"Herzlich Willkommen - VS Seefeld-Kadolz","robots":{"index":"index","follow":"follow","max-snippet":"max-snippet:-1","max-image-preview":"max-image-preview:large","max-video-preview":"max-video-preview:-1"},"canonical":"https:\/\/vsseefeld-kadolz.ac.at\/","og_locale":"de_DE","og_type":"article","og_title":"Herzlich Willkommen - VS Seefeld-Kadolz","og_description":"in der Volksschule Seefeld-Kadolz! In diesem Schuljahr sind wir 32 Kinder und 6 Lehrerinnen, die sich gemeinsam mit Fr. Dir. Sabine Steinacher auf&#8217;s Lernen freuen.\u00a0 Unter &#8222;Aktivit\u00e4ten&#8220; finden Sie die spannendesten Projekte, Feste und Ausfl\u00fcge.\u00a0 Besonders sch\u00f6n ist auch unser Schulgarten, den wir t\u00e4glich in der gro\u00dfen Pause nutzen. &nbsp; &nbsp; Die erste und zweite &hellip; Herzlich Willkommen weiterlesen &rarr;","og_url":"https:\/\/vsseefeld-kadolz.ac.at\/","og_site_name":"VS Seefeld-Kadolz","article_modified_time":"2025-10-22T16:06:09+00:00","og_image":[{"width":731,"height":1024,"url":"https:\/\/vsseefeld-kadolz.ac.at\/wp-content\/uploads\/2025\/10\/Vs.Seefe_.G.Kado_.26-2-731x1024.jpg","type":"image\/jpeg"}],"twitter_card":"summary_large_image","twitter_misc":{"Gesch\u00e4tzte Lesezeit":"2\u00a0Minuten"},"schema":{"@context":"https:\/\/schema.org","@graph":[{"@type":"WebPage","@id":"https:\/\/vsseefeld-kadolz.ac.at\/","url":"https:\/\/vsseefeld-kadolz.ac.at\/","name":"Herzlich Willkommen - VS Seefeld-Kadolz","isPartOf":{"@id":"https:\/\/vsseefeld-kadolz.ac.at\/#website"},"primaryImageOfPage":{"@id":"https:\/\/vsseefeld-kadolz.ac.at\/#primaryimage"},"image":{"@id":"https:\/\/vsseefeld-kadolz.ac.at\/#primaryimage"},"thumbnailUrl":"https:\/\/vsseefeld-kadolz.ac.at\/wp-content\/uploads\/2025\/10\/Vs.Seefe_.G.Kado_.26-2-731x1024.jpg","datePublished":"2024-01-28T19:47:33+00:00","dateModified":"2025-10-22T16:06:09+00:00","breadcrumb":{"@id":"https:\/\/vsseefeld-kadolz.ac.at\/#breadcrumb"},"inLanguage":"de","potentialAction":[{"@type":"ReadAction","target":["https:\/\/vsseefeld-kadolz.ac.at\/"]}]},{"@type":"ImageObject","inLanguage":"de","@id":"https:\/\/vsseefeld-kadolz.ac.at\/#primaryimage","url":"https:\/\/vsseefeld-kadolz.ac.at\/wp-content\/uploads\/2025\/10\/Vs.Seefe_.G.Kado_.26-2.jpg","contentUrl":"https:\/\/vsseefeld-kadolz.ac.at\/wp-content\/uploads\/2025\/10\/Vs.Seefe_.G.Kado_.26-2.jpg","width":1500,"height":2100},{"@type":"BreadcrumbList","@id":"https:\/\/vsseefeld-kadolz.ac.at\/#breadcrumb","itemListElement":[{"@type":"ListItem","position":1,"name":"Home","item":"https:\/\/vsseefeld-kadolz.ac.at\/"},{"@type":"ListItem","position":2,"name":"Herzlich Willkommen"}]},{"@type":"WebSite","@id":"https:\/\/vsseefeld-kadolz.ac.at\/#website","url":"https:\/\/vsseefeld-kadolz.ac.at\/","name":"VS Seefeld-Kadolz","description":"","potentialAction":[{"@type":"SearchAction","target":{"@type":"EntryPoint","urlTemplate":"https:\/\/vsseefeld-kadolz.ac.at\/?s={search_term_string}"},"query-input":{"@type":"PropertyValueSpecification","valueRequired":true,"valueName":"search_term_string"}}],"inLanguage":"de"}]}},"_links":{"self":[{"href":"https:\/\/vsseefeld-kadolz.ac.at\/index.php?rest_route=\/wp\/v2\/pages\/3918","targetHints":{"allow":["GET"]}}],"collection":[{"href":"https:\/\/vsseefeld-kadolz.ac.at\/index.php?rest_route=\/wp\/v2\/pages"}],"about":[{"href":"https:\/\/vsseefeld-kadolz.ac.at\/index.php?rest_route=\/wp\/v2\/types\/page"}],"author":[{"embeddable":true,"href":"https:\/\/vsseefeld-kadolz.ac.at\/index.php?rest_route=\/wp\/v2\/users\/2"}],"replies":[{"embeddable":true,"href":"https:\/\/vsseefeld-kadolz.ac.at\/index.php?rest_route=%2Fwp%2Fv2%2Fcomments&post=3918"}],"version-history":[{"count":22,"href":"https:\/\/vsseefeld-kadolz.ac.at\/index.php?rest_route=\/wp\/v2\/pages\/3918\/revisions"}],"predecessor-version":[{"id":4160,"href":"https:\/\/vsseefeld-kadolz.ac.at\/index.php?rest_route=\/wp\/v2\/pages\/3918\/revisions\/4160"}],"wp:attachment":[{"href":"https:\/\/vsseefeld-kadolz.ac.at\/index.php?rest_route=%2Fwp%2Fv2%2Fmedia&parent=3918"}],"curies":[{"name":"wp","href":"https:\/\/api.w.org\/{rel}","templated":true}]}}