{"id":10,"date":"2013-07-07T19:39:45","date_gmt":"2013-07-07T19:39:45","guid":{"rendered":"http:\/\/vsseefeld-kadolz.ac.at\/?page_id=10"},"modified":"2025-10-22T16:32:36","modified_gmt":"2025-10-22T16:32:36","slug":"aktuelles","status":"publish","type":"page","link":"https:\/\/vsseefeld-kadolz.ac.at\/?page_id=10","title":{"rendered":"Termine"},"content":{"rendered":"<p><a class=\"link_text\" target=\"_blank\" href=\"https:\/\/vsseefeldkadolz-my.sharepoint.com\/:b:\/g\/personal\/fotos_vsseefeld-kadolz_ac_at\/ESyWuF94XGpNoRIDaTP0ylMBfg7bQM_bdD_eEwhwbTHzLw?e=nXTL9H\">Termine im Schuljahr 2025\/26<\/a><\/p>\r\n\r\n<p>Das neue Schuljahr 2025\/26 beginnt am 1. September um 9:30 Uhr mit einem Wortgottesdienst im Turnsaal. Danach findet die Begr\u00fc\u00dfung der Schulkinder in den Klassenr\u00e4umen statt. Die Eltern der <strong>Schulneulinge<\/strong> sind dazu herzlich eingeladen.<\/p>\r\n<p>Am Dienstag gibt es f\u00fcr die Kinder der ersten Schulstufe drei Unterrichtsstunden bis 10:50 Uhr. <br \/>Alle anderen Schulstufen haben am Dienstag vier Stunden bis 11.45 Uhr.<\/p>\r\n","protected":false},"excerpt":{"rendered":"<p>Termine im Schuljahr 2025\/26 Das neue Schuljahr 2025\/26 beginnt am 1. September um 9:30 Uhr mit einem Wortgottesdienst im Turnsaal. Danach findet die Begr\u00fc\u00dfung der Schulkinder in den Klassenr\u00e4umen statt. Die Eltern der Schulneulinge sind dazu herzlich eingeladen. Am Dienstag gibt es f\u00fcr die Kinder der ersten Schulstufe drei Unterrichtsstunden bis 10:50 Uhr. Alle anderen &hellip; <a href=\"https:\/\/vsseefeld-kadolz.ac.at\/?page_id=10\" class=\"more-link\"><span class=\"screen-reader-text\">Termine<\/span> weiterlesen <span class=\"meta-nav\">&rarr;<\/span><\/a><\/p>\n","protected":false},"author":1,"featured_media":0,"parent":0,"menu_order":0,"comment_status":"closed","ping_status":"closed","template":"","meta":{"footnotes":""},"class_list":["post-10","page","type-page","status-publish","hentry"],"yoast_head":"<!-- This site is optimized with the Yoast SEO plugin v26.2 - https:\/\/yoast.com\/wordpress\/plugins\/seo\/ -->\n<title>Termine - VS Seefeld-Kadolz<\/title>\n<meta name=\"robots\" content=\"index, follow, max-snippet:-1, max-image-preview:large, max-video-preview:-1\" \/>\n<link rel=\"canonical\" href=\"https:\/\/vsseefeld-kadolz.ac.at\/?page_id=10\" \/>\n<meta property=\"og:locale\" content=\"de_DE\" \/>\n<meta property=\"og:type\" content=\"article\" \/>\n<meta property=\"og:title\" content=\"Termine - VS Seefeld-Kadolz\" \/>\n<meta property=\"og:description\" content=\"Termine im Schuljahr 2025\/26 Das neue Schuljahr 2025\/26 beginnt am 1. September um 9:30 Uhr mit einem Wortgottesdienst im Turnsaal. Danach findet die Begr\u00fc\u00dfung der Schulkinder in den Klassenr\u00e4umen statt. Die Eltern der Schulneulinge sind dazu herzlich eingeladen. Am Dienstag gibt es f\u00fcr die Kinder der ersten Schulstufe drei Unterrichtsstunden bis 10:50 Uhr. Alle anderen &hellip; Termine weiterlesen &rarr;\" \/>\n<meta property=\"og:url\" content=\"https:\/\/vsseefeld-kadolz.ac.at\/?page_id=10\" \/>\n<meta property=\"og:site_name\" content=\"VS Seefeld-Kadolz\" \/>\n<meta property=\"article:modified_time\" content=\"2025-10-22T16:32:36+00:00\" \/>\n<meta name=\"twitter:card\" content=\"summary_large_image\" \/>\n<meta name=\"twitter:label1\" content=\"Gesch\u00e4tzte Lesezeit\" \/>\n\t<meta name=\"twitter:data1\" content=\"1\u00a0Minute\" \/>\n<script type=\"application\/ld+json\" class=\"yoast-schema-graph\">{\"@context\":\"https:\/\/schema.org\",\"@graph\":[{\"@type\":\"WebPage\",\"@id\":\"https:\/\/vsseefeld-kadolz.ac.at\/?page_id=10\",\"url\":\"https:\/\/vsseefeld-kadolz.ac.at\/?page_id=10\",\"name\":\"Termine - VS Seefeld-Kadolz\",\"isPartOf\":{\"@id\":\"https:\/\/vsseefeld-kadolz.ac.at\/#website\"},\"datePublished\":\"2013-07-07T19:39:45+00:00\",\"dateModified\":\"2025-10-22T16:32:36+00:00\",\"breadcrumb\":{\"@id\":\"https:\/\/vsseefeld-kadolz.ac.at\/?page_id=10#breadcrumb\"},\"inLanguage\":\"de\",\"potentialAction\":[{\"@type\":\"ReadAction\",\"target\":[\"https:\/\/vsseefeld-kadolz.ac.at\/?page_id=10\"]}]},{\"@type\":\"BreadcrumbList\",\"@id\":\"https:\/\/vsseefeld-kadolz.ac.at\/?page_id=10#breadcrumb\",\"itemListElement\":[{\"@type\":\"ListItem\",\"position\":1,\"name\":\"Home\",\"item\":\"https:\/\/vsseefeld-kadolz.ac.at\/\"},{\"@type\":\"ListItem\",\"position\":2,\"name\":\"Termine\"}]},{\"@type\":\"WebSite\",\"@id\":\"https:\/\/vsseefeld-kadolz.ac.at\/#website\",\"url\":\"https:\/\/vsseefeld-kadolz.ac.at\/\",\"name\":\"VS Seefeld-Kadolz\",\"description\":\"\",\"potentialAction\":[{\"@type\":\"SearchAction\",\"target\":{\"@type\":\"EntryPoint\",\"urlTemplate\":\"https:\/\/vsseefeld-kadolz.ac.at\/?s={search_term_string}\"},\"query-input\":{\"@type\":\"PropertyValueSpecification\",\"valueRequired\":true,\"valueName\":\"search_term_string\"}}],\"inLanguage\":\"de\"}]}<\/script>\n<!-- \/ Yoast SEO plugin. -->","yoast_head_json":{"title":"Termine - VS Seefeld-Kadolz","robots":{"index":"index","follow":"follow","max-snippet":"max-snippet:-1","max-image-preview":"max-image-preview:large","max-video-preview":"max-video-preview:-1"},"canonical":"https:\/\/vsseefeld-kadolz.ac.at\/?page_id=10","og_locale":"de_DE","og_type":"article","og_title":"Termine - VS Seefeld-Kadolz","og_description":"Termine im Schuljahr 2025\/26 Das neue Schuljahr 2025\/26 beginnt am 1. September um 9:30 Uhr mit einem Wortgottesdienst im Turnsaal. Danach findet die Begr\u00fc\u00dfung der Schulkinder in den Klassenr\u00e4umen statt. Die Eltern der Schulneulinge sind dazu herzlich eingeladen. Am Dienstag gibt es f\u00fcr die Kinder der ersten Schulstufe drei Unterrichtsstunden bis 10:50 Uhr. Alle anderen &hellip; Termine weiterlesen &rarr;","og_url":"https:\/\/vsseefeld-kadolz.ac.at\/?page_id=10","og_site_name":"VS Seefeld-Kadolz","article_modified_time":"2025-10-22T16:32:36+00:00","twitter_card":"summary_large_image","twitter_misc":{"Gesch\u00e4tzte Lesezeit":"1\u00a0Minute"},"schema":{"@context":"https:\/\/schema.org","@graph":[{"@type":"WebPage","@id":"https:\/\/vsseefeld-kadolz.ac.at\/?page_id=10","url":"https:\/\/vsseefeld-kadolz.ac.at\/?page_id=10","name":"Termine - VS Seefeld-Kadolz","isPartOf":{"@id":"https:\/\/vsseefeld-kadolz.ac.at\/#website"},"datePublished":"2013-07-07T19:39:45+00:00","dateModified":"2025-10-22T16:32:36+00:00","breadcrumb":{"@id":"https:\/\/vsseefeld-kadolz.ac.at\/?page_id=10#breadcrumb"},"inLanguage":"de","potentialAction":[{"@type":"ReadAction","target":["https:\/\/vsseefeld-kadolz.ac.at\/?page_id=10"]}]},{"@type":"BreadcrumbList","@id":"https:\/\/vsseefeld-kadolz.ac.at\/?page_id=10#breadcrumb","itemListElement":[{"@type":"ListItem","position":1,"name":"Home","item":"https:\/\/vsseefeld-kadolz.ac.at\/"},{"@type":"ListItem","position":2,"name":"Termine"}]},{"@type":"WebSite","@id":"https:\/\/vsseefeld-kadolz.ac.at\/#website","url":"https:\/\/vsseefeld-kadolz.ac.at\/","name":"VS Seefeld-Kadolz","description":"","potentialAction":[{"@type":"SearchAction","target":{"@type":"EntryPoint","urlTemplate":"https:\/\/vsseefeld-kadolz.ac.at\/?s={search_term_string}"},"query-input":{"@type":"PropertyValueSpecification","valueRequired":true,"valueName":"search_term_string"}}],"inLanguage":"de"}]}},"_links":{"self":[{"href":"https:\/\/vsseefeld-kadolz.ac.at\/index.php?rest_route=\/wp\/v2\/pages\/10","targetHints":{"allow":["GET"]}}],"collection":[{"href":"https:\/\/vsseefeld-kadolz.ac.at\/index.php?rest_route=\/wp\/v2\/pages"}],"about":[{"href":"https:\/\/vsseefeld-kadolz.ac.at\/index.php?rest_route=\/wp\/v2\/types\/page"}],"author":[{"embeddable":true,"href":"https:\/\/vsseefeld-kadolz.ac.at\/index.php?rest_route=\/wp\/v2\/users\/1"}],"replies":[{"embeddable":true,"href":"https:\/\/vsseefeld-kadolz.ac.at\/index.php?rest_route=%2Fwp%2Fv2%2Fcomments&post=10"}],"version-history":[{"count":182,"href":"https:\/\/vsseefeld-kadolz.ac.at\/index.php?rest_route=\/wp\/v2\/pages\/10\/revisions"}],"predecessor-version":[{"id":4166,"href":"https:\/\/vsseefeld-kadolz.ac.at\/index.php?rest_route=\/wp\/v2\/pages\/10\/revisions\/4166"}],"wp:attachment":[{"href":"https:\/\/vsseefeld-kadolz.ac.at\/index.php?rest_route=%2Fwp%2Fv2%2Fmedia&parent=10"}],"curies":[{"name":"wp","href":"https:\/\/api.w.org\/{rel}","templated":true}]}}